{"id":2346,"date":"2023-11-01T14:04:30","date_gmt":"2023-11-01T17:04:30","guid":{"rendered":"https:\/\/www.seunovo.site\/coriarte\/?page_id=2346"},"modified":"2023-11-07T08:30:49","modified_gmt":"2023-11-07T11:30:49","slug":"catalogos","status":"publish","type":"page","link":"https:\/\/www.seunovo.site\/coriarte\/catalogos\/","title":{"rendered":"Cat\u00e1logos"},"content":{"rendered":"\t\t<div data-elementor-type=\"wp-page\" data-elementor-id=\"2346\" class=\"elementor elementor-2346\">\n\t\t\t\t\t\t\t<div class=\"elementor-element elementor-element-71b14c3 animated-fast e-flex e-con-boxed elementor-invisible e-con e-parent\" data-id=\"71b14c3\" data-element_type=\"container\" data-settings=\"{&quot;background_background&quot;:&quot;classic&quot;,&quot;animation&quot;:&quot;fadeIn&quot;,&quot;container_type&quot;:&quot;flex&quot;,&quot;content_width&quot;:&quot;boxed&quot;}\" data-core-v316-plus=\"true\">\n\t\t\t\t\t<div class=\"e-con-inner\">\n\t\t\t\t\t<\/div>\n\t\t\t\t<\/div>\n\t\t<div class=\"elementor-element elementor-element-9e87c22 e-flex e-con-boxed e-con e-parent\" data-id=\"9e87c22\" data-element_type=\"container\" data-settings=\"{&quot;background_background&quot;:&quot;classic&quot;,&quot;container_type&quot;:&quot;flex&quot;,&quot;content_width&quot;:&quot;boxed&quot;}\" data-core-v316-plus=\"true\">\n\t\t\t\t\t<div class=\"e-con-inner\">\n\t\t<div class=\"elementor-element elementor-element-b4b55ef e-flex e-con-boxed e-con e-child\" data-id=\"b4b55ef\" data-element_type=\"container\" data-settings=\"{&quot;container_type&quot;:&quot;flex&quot;,&quot;content_width&quot;:&quot;boxed&quot;}\">\n\t\t\t\t\t<div class=\"e-con-inner\">\n\t\t\t\t<div class=\"elementor-element elementor-element-8fb8541 animated-fast elementor-view-default elementor-invisible elementor-widget elementor-widget-icon\" data-id=\"8fb8541\" data-element_type=\"widget\" data-settings=\"{&quot;_animation&quot;:&quot;fadeInDown&quot;,&quot;_animation_delay&quot;:200}\" data-widget_type=\"icon.default\">\n\t\t\t\t<div class=\"elementor-widget-container\">\n\t\t\t\t\t<div class=\"elementor-icon-wrapper\">\n\t\t\t<div class=\"elementor-icon\">\n\t\t\t<svg xmlns=\"http:\/\/www.w3.org\/2000\/svg\" xmlns:xlink=\"http:\/\/www.w3.org\/1999\/xlink\" width=\"39\" height=\"45\" viewBox=\"0 0 39 45\"><image id=\"Vector_Smart_Object\" data-name=\"Vector Smart Object\" width=\"39\" height=\"45\" xlink:href=\"data:img\/png;base64,iVBORw0KGgoAAAANSUhEUgAAACcAAAAtCAYAAAAtOHJTAAAB2UlEQVRYhe3Zu2sUURSA8V+WRfFVCBG10E4QBYMJdtZ2dlqJCiI+KguflaCFmGhpoRBEfFTaBcG\/QRBBFCzUwkqxsFALBY1cuQPL5E7ITJiHMB9Mc\/Yc5ts9584y947Nz8izGaewH9uwdkFGPXzGU1zD+3CHUbkxnMdlrGlIKMUPHMCz4YjYLI61KJURfpjHmBjEwLmOiGWEUboU2rox9rjNVqb4FNp6YhGxN3jXgMgktuRim4ZxVaa4gBsNiAXu4Wg+GGZueyL5RYNihQS5dYkPX7ctJsp1lk7LDZeQk+cIDmFliZqfeIT7dcqdxO2SNRn7sAp3llpQtq2nK2lVrC8rt6Jk\/rLqy8o9LJm\/rPqyMzcdaw5jQ4m6L3gQ62uT+42r8aqd\/iFclV6uKr1cVXq5qvRyVSn6+9qFJ9iB1Q14jKeCRXK749Uq\/cxV5b9++\/qKjw14bMX6fHAxuVs4i1\/1ev0juVdSJPcWZ\/Cnfq9iimbuedtioty3RHxnCy4LGMQW5pmKm9etEmZuDnsSEjNxSF81sCj2poKd3hMexMOJKx2QyTOXrdabuNsdL99xPZObx3FcjCcobRLufxAfRp9zQTAsgnDeFbYbXsZv0BRhvEL3JsLREvwFZphJH6TFWIEAAAAASUVORK5CYII=\"><\/image><\/svg>\t\t\t<\/div>\n\t\t<\/div>\n\t\t\t\t<\/div>\n\t\t\t\t<\/div>\n\t\t\t\t<div class=\"elementor-element elementor-element-2352c92 animated-fast elementor-widget__width-auto elementor-invisible elementor-widget elementor-widget-heading\" data-id=\"2352c92\" data-element_type=\"widget\" data-settings=\"{&quot;_animation&quot;:&quot;fadeInRight&quot;,&quot;_animation_delay&quot;:220}\" data-widget_type=\"heading.default\">\n\t\t\t\t<div class=\"elementor-widget-container\">\n\t\t\t<style>\/*! elementor - v3.16.0 - 17-10-2023 *\/\n.elementor-heading-title{padding:0;margin:0;line-height:1}.elementor-widget-heading .elementor-heading-title[class*=elementor-size-]>a{color:inherit;font-size:inherit;line-height:inherit}.elementor-widget-heading .elementor-heading-title.elementor-size-small{font-size:15px}.elementor-widget-heading .elementor-heading-title.elementor-size-medium{font-size:19px}.elementor-widget-heading .elementor-heading-title.elementor-size-large{font-size:29px}.elementor-widget-heading .elementor-heading-title.elementor-size-xl{font-size:39px}.elementor-widget-heading .elementor-heading-title.elementor-size-xxl{font-size:59px}<\/style><h2 class=\"elementor-heading-title elementor-size-default\">Cat\u00e1logos<\/h2>\t\t<\/div>\n\t\t\t\t<\/div>\n\t\t\t\t\t<\/div>\n\t\t\t\t<\/div>\n\t\t\t\t<div class=\"elementor-element elementor-element-056ffbf animated-fast elementor-widget__width-initial elementor-invisible elementor-widget elementor-widget-heading\" data-id=\"056ffbf\" data-element_type=\"widget\" data-settings=\"{&quot;_animation&quot;:&quot;fadeInRight&quot;,&quot;_animation_delay&quot;:220}\" data-widget_type=\"heading.default\">\n\t\t\t\t<div class=\"elementor-widget-container\">\n\t\t\t<h2 class=\"elementor-heading-title elementor-size-default\">Preencha o formul\u00e1rio e fa\u00e7a download do  nosso cat\u00e1logo.<br> <b>Sua Casa Merece Cores que Contam Hist\u00f3rias! <\/b><\/h2>\t\t<\/div>\n\t\t\t\t<\/div>\n\t\t<div class=\"elementor-element elementor-element-d69ec1a e-flex e-con-boxed e-con e-child\" data-id=\"d69ec1a\" data-element_type=\"container\" data-settings=\"{&quot;container_type&quot;:&quot;flex&quot;,&quot;content_width&quot;:&quot;boxed&quot;}\">\n\t\t\t\t\t<div class=\"e-con-inner\">\n\t\t\t\t<div class=\"elementor-element elementor-element-04bef6e animated-fast elementor-invisible elementor-widget elementor-widget-image\" data-id=\"04bef6e\" data-element_type=\"widget\" data-settings=\"{&quot;_animation&quot;:&quot;fadeInLeft&quot;}\" data-widget_type=\"image.default\">\n\t\t\t\t<div class=\"elementor-widget-container\">\n\t\t\t<style>\/*! elementor - v3.16.0 - 17-10-2023 *\/\n.elementor-widget-image{text-align:center}.elementor-widget-image a{display:inline-block}.elementor-widget-image a img[src$=\".svg\"]{width:48px}.elementor-widget-image img{vertical-align:middle;display:inline-block}<\/style>\t\t\t\t\t\t\t\t\t\t\t\t<img decoding=\"async\" width=\"300\" height=\"258\" src=\"https:\/\/www.seunovo.site\/coriarte\/wp-content\/uploads\/2023\/11\/pdf1-300x258.png\" class=\"attachment-medium size-medium wp-image-2403\" alt=\"\" srcset=\"https:\/\/www.seunovo.site\/coriarte\/wp-content\/uploads\/2023\/11\/pdf1-300x258.png 300w, https:\/\/www.seunovo.site\/coriarte\/wp-content\/uploads\/2023\/11\/pdf1-600x516.png 600w, https:\/\/www.seunovo.site\/coriarte\/wp-content\/uploads\/2023\/11\/pdf1.png 604w\" sizes=\"(max-width: 300px) 100vw, 300px\" \/>\t\t\t\t\t\t\t\t\t\t\t\t\t\t\t<\/div>\n\t\t\t\t<\/div>\n\t\t\t\t<div class=\"elementor-element elementor-element-c4d4d4a animated-fast elementor-invisible elementor-widget elementor-widget-image\" data-id=\"c4d4d4a\" data-element_type=\"widget\" data-settings=\"{&quot;_animation&quot;:&quot;fadeInRight&quot;}\" data-widget_type=\"image.default\">\n\t\t\t\t<div class=\"elementor-widget-container\">\n\t\t\t\t\t\t\t\t\t\t\t\t\t\t\t<img decoding=\"async\" width=\"300\" height=\"258\" src=\"https:\/\/www.seunovo.site\/coriarte\/wp-content\/uploads\/2023\/11\/pdf2-300x258.png\" class=\"attachment-medium size-medium wp-image-2404\" alt=\"\" srcset=\"https:\/\/www.seunovo.site\/coriarte\/wp-content\/uploads\/2023\/11\/pdf2-300x258.png 300w, https:\/\/www.seunovo.site\/coriarte\/wp-content\/uploads\/2023\/11\/pdf2-600x516.png 600w, https:\/\/www.seunovo.site\/coriarte\/wp-content\/uploads\/2023\/11\/pdf2.png 604w\" sizes=\"(max-width: 300px) 100vw, 300px\" \/>\t\t\t\t\t\t\t\t\t\t\t\t\t\t\t<\/div>\n\t\t\t\t<\/div>\n\t\t\t\t\t<\/div>\n\t\t\t\t<\/div>\n\t\t\t\t\t<\/div>\n\t\t\t\t<\/div>\n\t\t<div class=\"elementor-element elementor-element-82a2784 e-flex e-con-boxed e-con e-parent\" data-id=\"82a2784\" data-element_type=\"container\" data-settings=\"{&quot;background_background&quot;:&quot;classic&quot;,&quot;container_type&quot;:&quot;flex&quot;,&quot;content_width&quot;:&quot;boxed&quot;}\" data-core-v316-plus=\"true\">\n\t\t\t\t\t<div class=\"e-con-inner\">\n\t\t<div class=\"elementor-element elementor-element-6c7ea25 download e-flex e-con-boxed e-con e-child\" data-id=\"6c7ea25\" data-element_type=\"container\" data-settings=\"{&quot;background_background&quot;:&quot;classic&quot;,&quot;container_type&quot;:&quot;flex&quot;,&quot;content_width&quot;:&quot;boxed&quot;}\">\n\t\t\t\t\t<div class=\"e-con-inner\">\n\t\t<div class=\"elementor-element elementor-element-dca1c9f e-flex e-con-boxed e-con e-child\" data-id=\"dca1c9f\" data-element_type=\"container\" data-settings=\"{&quot;container_type&quot;:&quot;flex&quot;,&quot;content_width&quot;:&quot;boxed&quot;}\">\n\t\t\t\t\t<div class=\"e-con-inner\">\n\t\t\t\t<div class=\"elementor-element elementor-element-eea682b animated-fast elementor-view-default elementor-invisible elementor-widget elementor-widget-icon\" data-id=\"eea682b\" data-element_type=\"widget\" data-settings=\"{&quot;_animation&quot;:&quot;fadeInDown&quot;,&quot;_animation_delay&quot;:200}\" data-widget_type=\"icon.default\">\n\t\t\t\t<div class=\"elementor-widget-container\">\n\t\t\t\t\t<div class=\"elementor-icon-wrapper\">\n\t\t\t<div class=\"elementor-icon\">\n\t\t\t<svg xmlns=\"http:\/\/www.w3.org\/2000\/svg\" xmlns:xlink=\"http:\/\/www.w3.org\/1999\/xlink\" width=\"41\" height=\"44\" viewBox=\"0 0 41 44\"><image id=\"Objeto_Inteligente_de_Vetor\" data-name=\"Objeto Inteligente de Vetor\" width=\"41\" height=\"44\" xlink:href=\"data:img\/png;base64,iVBORw0KGgoAAAANSUhEUgAAACkAAAAsCAYAAAD4rZFFAAACr0lEQVRYhe2ZPWgUQRTHf7ek8CvBqCRRFEEhqIgIimhlLMRCYqMIaawSEhFB5VBRECwUPwoFCyGFoATsxUDUxiIgCIJWiiGBEDCn+IWgZ3XKk3dhWWbPfbPL5pT9wRY3N++9\/8zuezM7W5rt3UwKAmAf0AvsBtYCi4HvwDTwFHgIPAJqvmHSiBRxN4CNCfq+Bk6qWDOBh00JuA6MJRSI9htTu5I1YItdI8NAv4edUAaWAgMWI+tMHkshsE6\/+klM3EwuAHqADTpy9DadauD4E\/AEeA90AnuB5TF9rwAdwC\/9\/RV4o4n2M9o5KnIZcBo4DiwyDPaSXtVQ20LgvF5RlgAXHO0\/gFvANeBzvTGc3duAB8AqgzjhjDqNQwZ91ejzHXAAeBEWuQl4BrQZnb3UwTWqgYEG22r0\/Q3YKeUr0GftrodAdJb+VqRrOttWRM890SciDwHbjQ4qwKAmShIea\/+KMY7oOigi+2I6vNIMb49crcBKrZcWhtWu1eGzR+O56JNnsqIlI4xk2XqPkaehC5h0VJVKoPUqynjOAtF44472ziBmLa062vLAFbfks8HIHZ8NRocmW7uH7RfgPvDBYmQVuU6Lvus5Tso5YBcwldTAervLKQWi9mWLgVVkl7F\/Jn6sIkeN\/TPxY30m7wCrgROhfaYF2TfeVD+JsYqUTepFvdqMd6KmOxszPiWojldAH\/6JYl6IzIpiWYyhWBYplsUG\/PfLYm4UxTwrgpg3tO550uOKWxWRE44\/5Ph4KAdRYYZijrcnWrQcbHH8eRs4DDx3HWxmiBzY7gD2xLgclWOWNcBb7dxsyOR0y+2e0VPaZkR0zdSz+zIw0mQiR1TXXAmS948jwFn9mjWfSHzRIXr+HNC6voitAI4C+zXbfE6Arcj7knw1kySWhP045wD4DbDDh3QJ4rPQAAAAAElFTkSuQmCC\"><\/image><\/svg>\t\t\t<\/div>\n\t\t<\/div>\n\t\t\t\t<\/div>\n\t\t\t\t<\/div>\n\t\t\t\t<div class=\"elementor-element elementor-element-58cefcd animated-fast elementor-invisible elementor-widget elementor-widget-heading\" data-id=\"58cefcd\" data-element_type=\"widget\" data-settings=\"{&quot;_animation&quot;:&quot;fadeInLeft&quot;,&quot;_animation_delay&quot;:220}\" data-widget_type=\"heading.default\">\n\t\t\t\t<div class=\"elementor-widget-container\">\n\t\t\t<h2 class=\"elementor-heading-title elementor-size-default\">Preencha o formul\u00e1rio<\/h2>\t\t<\/div>\n\t\t\t\t<\/div>\n\t\t\t\t\t<\/div>\n\t\t\t\t<\/div>\n\t\t<div class=\"elementor-element elementor-element-45ee37e e-flex e-con-boxed e-con e-child\" data-id=\"45ee37e\" data-element_type=\"container\" data-settings=\"{&quot;container_type&quot;:&quot;flex&quot;,&quot;content_width&quot;:&quot;boxed&quot;}\">\n\t\t\t\t\t<div class=\"e-con-inner\">\n\t\t\t\t<div class=\"elementor-element elementor-element-ca1853a animated-fast elementor-button-align-stretch elementor-invisible elementor-widget elementor-widget-form\" data-id=\"ca1853a\" data-element_type=\"widget\" data-settings=\"{&quot;step_next_label&quot;:&quot;Next&quot;,&quot;step_previous_label&quot;:&quot;Previous&quot;,&quot;_animation&quot;:&quot;fadeIn&quot;,&quot;button_width&quot;:&quot;100&quot;,&quot;step_type&quot;:&quot;number_text&quot;,&quot;step_icon_shape&quot;:&quot;circle&quot;}\" data-widget_type=\"form.default\">\n\t\t\t\t<div class=\"elementor-widget-container\">\n\t\t\t<style>\/*! elementor-pro - v3.13.2 - 22-05-2023 *\/\n.elementor-button.elementor-hidden,.elementor-hidden{display:none}.e-form__step{width:100%}.e-form__step:not(.elementor-hidden){display:flex;flex-wrap:wrap}.e-form__buttons{flex-wrap:wrap}.e-form__buttons,.e-form__buttons__wrapper{display:flex}.e-form__indicators{display:flex;justify-content:space-between;align-items:center;flex-wrap:nowrap;font-size:13px;margin-bottom:var(--e-form-steps-indicators-spacing)}.e-form__indicators__indicator{display:flex;flex-direction:column;align-items:center;justify-content:center;flex-basis:0;padding:0 var(--e-form-steps-divider-gap)}.e-form__indicators__indicator__progress{width:100%;position:relative;background-color:var(--e-form-steps-indicator-progress-background-color);border-radius:var(--e-form-steps-indicator-progress-border-radius);overflow:hidden}.e-form__indicators__indicator__progress__meter{width:var(--e-form-steps-indicator-progress-meter-width,0);height:var(--e-form-steps-indicator-progress-height);line-height:var(--e-form-steps-indicator-progress-height);padding-right:15px;border-radius:var(--e-form-steps-indicator-progress-border-radius);background-color:var(--e-form-steps-indicator-progress-color);color:var(--e-form-steps-indicator-progress-meter-color);text-align:right;transition:width .1s linear}.e-form__indicators__indicator:first-child{padding-left:0}.e-form__indicators__indicator:last-child{padding-right:0}.e-form__indicators__indicator--state-inactive{color:var(--e-form-steps-indicator-inactive-primary-color,#c2cbd2)}.e-form__indicators__indicator--state-inactive [class*=indicator--shape-]:not(.e-form__indicators__indicator--shape-none){background-color:var(--e-form-steps-indicator-inactive-secondary-color,#fff)}.e-form__indicators__indicator--state-inactive object,.e-form__indicators__indicator--state-inactive svg{fill:var(--e-form-steps-indicator-inactive-primary-color,#c2cbd2)}.e-form__indicators__indicator--state-active{color:var(--e-form-steps-indicator-active-primary-color,#39b54a);border-color:var(--e-form-steps-indicator-active-secondary-color,#fff)}.e-form__indicators__indicator--state-active [class*=indicator--shape-]:not(.e-form__indicators__indicator--shape-none){background-color:var(--e-form-steps-indicator-active-secondary-color,#fff)}.e-form__indicators__indicator--state-active object,.e-form__indicators__indicator--state-active svg{fill:var(--e-form-steps-indicator-active-primary-color,#39b54a)}.e-form__indicators__indicator--state-completed{color:var(--e-form-steps-indicator-completed-secondary-color,#fff)}.e-form__indicators__indicator--state-completed [class*=indicator--shape-]:not(.e-form__indicators__indicator--shape-none){background-color:var(--e-form-steps-indicator-completed-primary-color,#39b54a)}.e-form__indicators__indicator--state-completed .e-form__indicators__indicator__label{color:var(--e-form-steps-indicator-completed-primary-color,#39b54a)}.e-form__indicators__indicator--state-completed .e-form__indicators__indicator--shape-none{color:var(--e-form-steps-indicator-completed-primary-color,#39b54a);background-color:initial}.e-form__indicators__indicator--state-completed object,.e-form__indicators__indicator--state-completed svg{fill:var(--e-form-steps-indicator-completed-secondary-color,#fff)}.e-form__indicators__indicator__icon{width:var(--e-form-steps-indicator-padding,30px);height:var(--e-form-steps-indicator-padding,30px);font-size:var(--e-form-steps-indicator-icon-size);border-width:1px;border-style:solid;display:flex;justify-content:center;align-items:center;overflow:hidden;margin-bottom:10px}.e-form__indicators__indicator__icon img,.e-form__indicators__indicator__icon object,.e-form__indicators__indicator__icon svg{width:var(--e-form-steps-indicator-icon-size);height:auto}.e-form__indicators__indicator__icon .e-font-icon-svg{height:1em}.e-form__indicators__indicator__number{width:var(--e-form-steps-indicator-padding,30px);height:var(--e-form-steps-indicator-padding,30px);border-width:1px;border-style:solid;display:flex;justify-content:center;align-items:center;margin-bottom:10px}.e-form__indicators__indicator--shape-circle{border-radius:50%}.e-form__indicators__indicator--shape-square{border-radius:0}.e-form__indicators__indicator--shape-rounded{border-radius:5px}.e-form__indicators__indicator--shape-none{border:0}.e-form__indicators__indicator__label{text-align:center}.e-form__indicators__indicator__separator{width:100%;height:var(--e-form-steps-divider-width);background-color:#babfc5}.e-form__indicators--type-icon,.e-form__indicators--type-icon_text,.e-form__indicators--type-number,.e-form__indicators--type-number_text{align-items:flex-start}.e-form__indicators--type-icon .e-form__indicators__indicator__separator,.e-form__indicators--type-icon_text .e-form__indicators__indicator__separator,.e-form__indicators--type-number .e-form__indicators__indicator__separator,.e-form__indicators--type-number_text .e-form__indicators__indicator__separator{margin-top:calc(var(--e-form-steps-indicator-padding, 30px) \/ 2 - var(--e-form-steps-divider-width, 1px) \/ 2)}.elementor-field-type-hidden{display:none}.elementor-field-type-html{display:inline-block}.elementor-login .elementor-lost-password,.elementor-login .elementor-remember-me{font-size:.85em}.elementor-field-type-recaptcha_v3 .elementor-field-label{display:none}.elementor-field-type-recaptcha_v3 .grecaptcha-badge{z-index:1}.elementor-button .elementor-form-spinner{order:3}.elementor-form .elementor-button>span{display:flex;justify-content:center;align-items:center}.elementor-form .elementor-button .elementor-button-text{white-space:normal;flex-grow:0}.elementor-form .elementor-button svg{height:auto}.elementor-form .elementor-button .e-font-icon-svg{height:1em}.elementor-select-wrapper .select-caret-down-wrapper{position:absolute;top:50%;transform:translateY(-50%);inset-inline-end:10px;pointer-events:none;font-size:11px}.elementor-select-wrapper .select-caret-down-wrapper svg{display:unset;width:1em;aspect-ratio:unset;fill:currentColor}.elementor-select-wrapper .select-caret-down-wrapper i{font-size:19px;line-height:2}.elementor-select-wrapper.remove-before:before{content:\"\"!important}<\/style>\t\t<form class=\"elementor-form\" method=\"post\" name=\"Formul\u00e1rio cat\u00e1logos\">\n\t\t\t<input type=\"hidden\" name=\"post_id\" value=\"2346\"\/>\n\t\t\t<input type=\"hidden\" name=\"form_id\" value=\"ca1853a\"\/>\n\t\t\t<input type=\"hidden\" name=\"referer_title\" value=\"\" \/>\n\n\t\t\t\n\t\t\t<div class=\"elementor-form-fields-wrapper elementor-labels-above\">\n\t\t\t\t\t\t\t\t<div class=\"elementor-field-type-text elementor-field-group elementor-column elementor-field-group-name elementor-col-100 elementor-field-required elementor-mark-required\">\n\t\t\t\t\t\t\t\t\t\t\t\t\t<input size=\"1\" type=\"text\" name=\"form_fields[name]\" id=\"form-field-name\" class=\"elementor-field elementor-size-sm  elementor-field-textual\" placeholder=\"Nome\" required=\"required\" aria-required=\"true\">\n\t\t\t\t\t\t\t\t\t\t\t<\/div>\n\t\t\t\t\t\t\t\t<div class=\"elementor-field-type-tel elementor-field-group elementor-column elementor-field-group-email elementor-col-100 elementor-field-required elementor-mark-required\">\n\t\t\t\t\t\t\t<input size=\"1\" type=\"tel\" name=\"form_fields[email]\" id=\"form-field-email\" class=\"elementor-field elementor-size-sm  elementor-field-textual\" placeholder=\"N\u00famero\/WhatsApp\" required=\"required\" aria-required=\"true\" pattern=\"[0-9()#&amp;+*-=.]+\" title=\"Only numbers and phone characters (#, -, *, etc) are accepted.\">\n\n\t\t\t\t\t\t<\/div>\n\t\t\t\t\t\t\t\t<div class=\"elementor-field-type-email elementor-field-group elementor-column elementor-field-group-field_c854412 elementor-col-100 elementor-field-required elementor-mark-required\">\n\t\t\t\t\t\t\t\t\t\t\t\t\t<input size=\"1\" type=\"email\" name=\"form_fields[field_c854412]\" id=\"form-field-field_c854412\" class=\"elementor-field elementor-size-sm  elementor-field-textual\" placeholder=\"E-mail\" required=\"required\" aria-required=\"true\">\n\t\t\t\t\t\t\t\t\t\t\t<\/div>\n\t\t\t\t\t\t\t\t<div class=\"elementor-field-type-textarea elementor-field-group elementor-column elementor-field-group-message elementor-col-100 elementor-field-required elementor-mark-required\">\n\t\t\t\t\t<textarea class=\"elementor-field-textual elementor-field  elementor-size-sm\" name=\"form_fields[message]\" id=\"form-field-message\" rows=\"1\" placeholder=\"Cidade\" required=\"required\" aria-required=\"true\"><\/textarea>\t\t\t\t<\/div>\n\t\t\t\t\t\t\t\t<div class=\"elementor-field-group elementor-column elementor-field-type-submit elementor-col-100 e-form__buttons\">\n\t\t\t\t\t<button type=\"submit\" class=\"elementor-button elementor-size-sm\">\n\t\t\t\t\t\t<span >\n\t\t\t\t\t\t\t\t\t\t\t\t\t\t\t<span class=\" elementor-button-icon\">\n\t\t\t\t\t\t\t\t\t\t\t\t\t\t\t\t\t\t\t\t\t\t\t\t\t\t<\/span>\n\t\t\t\t\t\t\t\t\t\t\t\t\t\t\t\t\t\t\t\t\t\t<span class=\"elementor-button-text\">FAZER DOWNLOAD<\/span>\n\t\t\t\t\t\t\t\t\t\t\t\t\t<\/span>\n\t\t\t\t\t<\/button>\n\t\t\t\t<\/div>\n\t\t\t<\/div>\n\t\t<\/form>\n\t\t\t\t<\/div>\n\t\t\t\t<\/div>\n\t\t\t\t\t<\/div>\n\t\t\t\t<\/div>\n\t\t\t\t\t<\/div>\n\t\t\t\t<\/div>\n\t\t\t\t\t<\/div>\n\t\t\t\t<\/div>\n\t\t<div class=\"elementor-element elementor-element-b976306 e-flex e-con-boxed e-con e-parent\" data-id=\"b976306\" data-element_type=\"container\" data-settings=\"{&quot;background_background&quot;:&quot;classic&quot;,&quot;container_type&quot;:&quot;flex&quot;,&quot;content_width&quot;:&quot;boxed&quot;}\" data-core-v316-plus=\"true\">\n\t\t\t\t\t<div class=\"e-con-inner\">\n\t\t<div class=\"elementor-element elementor-element-e4949c2 e-flex e-con-boxed e-con e-child\" data-id=\"e4949c2\" data-element_type=\"container\" data-settings=\"{&quot;container_type&quot;:&quot;flex&quot;,&quot;content_width&quot;:&quot;boxed&quot;}\">\n\t\t\t\t\t<div class=\"e-con-inner\">\n\t\t\t\t<div class=\"elementor-element elementor-element-58fa78a elementor-view-default elementor-widget elementor-widget-icon\" data-id=\"58fa78a\" data-element_type=\"widget\" data-widget_type=\"icon.default\">\n\t\t\t\t<div class=\"elementor-widget-container\">\n\t\t\t\t\t<div class=\"elementor-icon-wrapper\">\n\t\t\t<div class=\"elementor-icon\">\n\t\t\t<svg xmlns=\"http:\/\/www.w3.org\/2000\/svg\" xmlns:xlink=\"http:\/\/www.w3.org\/1999\/xlink\" width=\"44\" height=\"45\" viewBox=\"0 0 44 45\"><image id=\"Objeto_Inteligente_de_Vetor\" data-name=\"Objeto Inteligente de Vetor\" width=\"44\" height=\"45\" xlink:href=\"data:img\/png;base64,iVBORw0KGgoAAAANSUhEUgAAACwAAAAtCAYAAADV2ImkAAADk0lEQVRYhdWZa4hNURTHf3ONGc+U5zAjj\/EqarypGZLCoMgHKcMokkcpIY9JkkcZ+YISybskSWmSx3zxwQeNRwYRRh6ZrjTlMWQkRmusM52Ovc899869d87863ZrrbXP\/nXOOvusvXZG4368GgCsAuYCQ4GO\/0X800\/gJXAdOAy8s8QlVW7gdkCZ\/jrEOckvYCdQDvz2iesOzAFGAT2AOuARcA34HGSiTP3PAM4CixO8G+2BvcBIYCnwx+PvBuwA1mmsVw3AIWAPUO83UUT\/t7YA1i25xkaPbQhwH9hggUWf6GbgnqakVZISfTUXOycBGL1bg4Gowt4CcuMY\/wqYBrw3OSUlVvrAVgNvLL6BQIHBLndrNXA8AVhRvo4zQssdvguMNwxcAZyMcfHlwAmD\/YW+xPlxwrold3qKPqlmSQ4PNwRXBoBFYyoN9mE+sLL8LQQGAYuAWkucjL8J9PICdzUEPw0A6+hBHLGvgULgkqbaRX30NmhZ\/q4C2W7glqoh4HiBmmnIy5oY0BN0hUkacBDVKlSNJdaB\/mDxb3EWhnQAR2PAOqrRJ1Bn8MmHZwZpAJbJZwWAdfRYv5QmTSLFwAI7XSHi0Q3gmyE+J9XAsxOART88WQa7VIcpBQ6aBl5tsgA3la\/pWiWCag2wyxJbGTbgJcARi++hVnyhAS4Bzvj4y5waOwzAJbp5sLGU646kSa0NPA847cNxFNjmNrQm8DwtgjItfoFdCzS6jbbgZEi2XbbCqBOw3mfLVK3jG72OVAJLwZKoZCfzETgFbHfXF2Fbh93K0v6ILGnjHHuYgR3larNGNrRtAljUEzgne9C2AiyaLF2jVL50U2N1cSzqD+y2tBBKUwkspWWgfplH8pLdBp4BfTy+orCmxCfgisGeE+Ycjhpskbb00jUpGcC298CvT5ywbMBd4rhgjgU2kRUipiKWtmZhHNcwxZryLymKOFsPj0YAxQEmKNZYr0zXjFfZpviIu5r3SNqoeT6T5FlaraKKJACPNdjqBfgC8NXg7AdUAQs8uR5RW5XGePVFC\/OWaJm2rbx6nqkTHLBsr+U44bLmZLXaCtRukyz6BxMEzdR+tanBLqpwjr0kX+4AoxOcKB36LueGzqOWNtB8nx5tGCTHalF3bkorqAh4EkLY88A+DB8OaeNPVGfQznoqJQxyIFnqbEhNZ82OemuTQ45ax+hRazr0Q88N5WzjGPC2eVLgL\/iyrMBj2F+lAAAAAElFTkSuQmCC\"><\/image><\/svg>\t\t\t<\/div>\n\t\t<\/div>\n\t\t\t\t<\/div>\n\t\t\t\t<\/div>\n\t\t\t\t<div class=\"elementor-element elementor-element-b5c8981 elementor-widget elementor-widget-heading\" data-id=\"b5c8981\" data-element_type=\"widget\" data-widget_type=\"heading.default\">\n\t\t\t\t<div class=\"elementor-widget-container\">\n\t\t\t<h2 class=\"elementor-heading-title elementor-size-default\">Sistema Tintom\u00e9trico<\/h2>\t\t<\/div>\n\t\t\t\t<\/div>\n\t\t\t\t\t<\/div>\n\t\t\t\t<\/div>\n\t\t\t\t<div class=\"elementor-element elementor-element-8b040f3 animated-fast elementor-widget__width-initial elementor-invisible elementor-widget elementor-widget-heading\" data-id=\"8b040f3\" data-element_type=\"widget\" data-settings=\"{&quot;_animation&quot;:&quot;fadeInRight&quot;,&quot;_animation_delay&quot;:220}\" data-widget_type=\"heading.default\">\n\t\t\t\t<div class=\"elementor-widget-container\">\n\t\t\t<h2 class=\"elementor-heading-title elementor-size-default\">O Sistema Tintom\u00e9trico Coriarte foi desenvolvido com tecnologia de ponta para a cria\u00e7\u00e3o de uma extensa variedade de cores personalizadas por meio da mistura da tinta base com concentrados de pigmentos.<\/h2>\t\t<\/div>\n\t\t\t\t<\/div>\n\t\t<div class=\"elementor-element elementor-element-620e791 e-flex e-con-boxed e-con e-child\" data-id=\"620e791\" data-element_type=\"container\" data-settings=\"{&quot;container_type&quot;:&quot;flex&quot;,&quot;content_width&quot;:&quot;boxed&quot;}\">\n\t\t\t\t\t<div class=\"e-con-inner\">\n\t\t\t\t<div class=\"elementor-element elementor-element-f5593be elementor-widget__width-initial elementor-widget-mobile__width-initial elementor-widget elementor-widget-button\" data-id=\"f5593be\" data-element_type=\"widget\" data-widget_type=\"button.default\">\n\t\t\t\t<div class=\"elementor-widget-container\">\n\t\t\t\t\t<div class=\"elementor-button-wrapper\">\n\t\t\t<a class=\"elementor-button elementor-button-link elementor-size-sm\" href=\"https:\/\/www.seunovo.site\/coriarte\/sistema-tintometrico\">\n\t\t\t\t\t\t<span class=\"elementor-button-content-wrapper\">\n\t\t\t\t\t\t<span class=\"elementor-button-text\">ACESSAR<\/span>\n\t\t<\/span>\n\t\t\t\t\t<\/a>\n\t\t<\/div>\n\t\t\t\t<\/div>\n\t\t\t\t<\/div>\n\t\t\t\t\t<\/div>\n\t\t\t\t<\/div>\n\t\t\t\t\t<\/div>\n\t\t\t\t<\/div>\n\t\t\t\t\t\t\t<\/div>\n\t\t","protected":false},"excerpt":{"rendered":"<p>Cat\u00e1logos Preencha o formul\u00e1rio e fa\u00e7a download do nosso cat\u00e1logo. Sua Casa Merece Cores que Contam Hist\u00f3rias! Preencha o formul\u00e1rio Sistema Tintom\u00e9trico O Sistema Tintom\u00e9trico Coriarte foi desenvolvido com tecnologia de ponta para a cria\u00e7\u00e3o de uma extensa variedade de cores personalizadas por meio da mistura da tinta base com concentrados de pigmentos. ACESSAR<\/p>\n","protected":false},"author":1,"featured_media":0,"parent":0,"menu_order":14,"comment_status":"closed","ping_status":"closed","template":"elementor_header_footer","meta":{"footnotes":""},"acf":[],"_links":{"self":[{"href":"https:\/\/www.seunovo.site\/coriarte\/wp-json\/wp\/v2\/pages\/2346"}],"collection":[{"href":"https:\/\/www.seunovo.site\/coriarte\/wp-json\/wp\/v2\/pages"}],"about":[{"href":"https:\/\/www.seunovo.site\/coriarte\/wp-json\/wp\/v2\/types\/page"}],"author":[{"embeddable":true,"href":"https:\/\/www.seunovo.site\/coriarte\/wp-json\/wp\/v2\/users\/1"}],"replies":[{"embeddable":true,"href":"https:\/\/www.seunovo.site\/coriarte\/wp-json\/wp\/v2\/comments?post=2346"}],"version-history":[{"count":61,"href":"https:\/\/www.seunovo.site\/coriarte\/wp-json\/wp\/v2\/pages\/2346\/revisions"}],"predecessor-version":[{"id":2693,"href":"https:\/\/www.seunovo.site\/coriarte\/wp-json\/wp\/v2\/pages\/2346\/revisions\/2693"}],"wp:attachment":[{"href":"https:\/\/www.seunovo.site\/coriarte\/wp-json\/wp\/v2\/media?parent=2346"}],"curies":[{"name":"wp","href":"https:\/\/api.w.org\/{rel}","templated":true}]}}