{"id":1271,"date":"2023-10-16T12:49:48","date_gmt":"2023-10-16T15:49:48","guid":{"rendered":"http:\/\/www.seunovo.site\/coriarte\/?post_type=product&#038;p=1271"},"modified":"2023-10-16T13:48:01","modified_gmt":"2023-10-16T16:48:01","slug":"acrilico-premium-sb","status":"publish","type":"product","link":"https:\/\/www.seunovo.site\/coriarte\/produto\/acrilico-premium-sb\/","title":{"rendered":"Acr\u00edlico Premium SB"},"content":{"rendered":"","protected":false},"excerpt":{"rendered":"<p>A tinta acr\u00edlica semi brilho \u00e9 indicada para superf\u00edcie (parede) de alvenaria em geral, massas e texturas. Possui acabamento semi brilhante. \u00c9 indicada tanto para ambientes internos quanto externos. Produto com bom alastramento, f\u00e1cil aplica\u00e7\u00e3o e lav\u00e1vel.<\/p>\n","protected":false},"featured_media":1289,"comment_status":"open","ping_status":"closed","template":"","meta":[],"product_cat":[19],"product_tag":[45],"acf":{"indicado_para_aplicacao":"Pincel<br>\r\nRolo de pelo curto<br>\r\nTrincha<br>\r\nAirless<br>\r\n","dados_do_produto":"Dilui\u00e7\u00e3o com \u00e1gua para rolo 5 \u2013 15 %<br>\r\nDilui\u00e7\u00e3o com \u00e1gua para airless 20 a 40%<br>\r\nN\u00famero de dem\u00e3os 2 a 3<br>\r\nSecagem ao Toque 1 hora<br>\r\nSecagem Manuseio 2 horas<br>\r\nIntervalo entre Dem\u00e3o 4 \u2013 6 horas<br>\r\nSecagem total 72 horas\r\n","rendimento_minimo_acabado":"Quartinho 0,9L 5m2<br>\r\nGal\u00e3o 3,6L 20m2<br>\r\nLata 18L 100m2<br>"},"_links":{"self":[{"href":"https:\/\/www.seunovo.site\/coriarte\/wp-json\/wp\/v2\/product\/1271"}],"collection":[{"href":"https:\/\/www.seunovo.site\/coriarte\/wp-json\/wp\/v2\/product"}],"about":[{"href":"https:\/\/www.seunovo.site\/coriarte\/wp-json\/wp\/v2\/types\/product"}],"replies":[{"embeddable":true,"href":"https:\/\/www.seunovo.site\/coriarte\/wp-json\/wp\/v2\/comments?post=1271"}],"wp:featuredmedia":[{"embeddable":true,"href":"https:\/\/www.seunovo.site\/coriarte\/wp-json\/wp\/v2\/media\/1289"}],"wp:attachment":[{"href":"https:\/\/www.seunovo.site\/coriarte\/wp-json\/wp\/v2\/media?parent=1271"}],"wp:term":[{"taxonomy":"product_cat","embeddable":true,"href":"https:\/\/www.seunovo.site\/coriarte\/wp-json\/wp\/v2\/product_cat?post=1271"},{"taxonomy":"product_tag","embeddable":true,"href":"https:\/\/www.seunovo.site\/coriarte\/wp-json\/wp\/v2\/product_tag?post=1271"}],"curies":[{"name":"wp","href":"https:\/\/api.w.org\/{rel}","templated":true}]}}