{"id":1295,"date":"2023-10-16T13:31:42","date_gmt":"2023-10-16T16:31:42","guid":{"rendered":"http:\/\/www.seunovo.site\/coriarte\/?post_type=product&#038;p=1295"},"modified":"2023-10-26T00:57:28","modified_gmt":"2023-10-26T03:57:28","slug":"cimento-queimado","status":"publish","type":"product","link":"https:\/\/www.seunovo.site\/coriarte\/produto\/cimento-queimado\/","title":{"rendered":"Cimento Queimado"},"content":{"rendered":"","protected":false},"excerpt":{"rendered":"<p>A massa de efeito Cimento Queimado \u00e9 um produto especialmente desenvolvido para provocar um manchamento progressivo no substrato, com intuito de imitar a est\u00e9tica do processo tradicional de queima do cimento. Possui acabamento fosco, toque aveludado e propriedades hidrorepelentes. <\/p>\n","protected":false},"featured_media":1296,"comment_status":"open","ping_status":"closed","template":"","meta":[],"product_cat":[19],"product_tag":[53],"acf":{"indicado_para_aplicacao":"Esp\u00e1tula pl\u00e1stica para massa<br>\r\nDesempenadeira met\u00e1lica com cantos arredondados\r\n","dados_do_produto":"Dilui\u00e7\u00e3o com \u00e1gua ","rendimento_minimo_acabado":"*Para ambientes externos, a Coriarte recomenda a aplica\u00e7\u00e3o de pelo menos 2 dem\u00e3os de verniz acr\u00edlico incolor \u00e0 base de \u00e1gua para maior durabilidade do produto. Evite lavar com \u00e1gua o substrato aplicado antes dos 30 dias de cura do produto. Se precisar limpar, d\u00ea prefer\u00eancia a passar suavemente um pano \u00famido com \u00e1gua e detergente neutro."},"_links":{"self":[{"href":"https:\/\/www.seunovo.site\/coriarte\/wp-json\/wp\/v2\/product\/1295"}],"collection":[{"href":"https:\/\/www.seunovo.site\/coriarte\/wp-json\/wp\/v2\/product"}],"about":[{"href":"https:\/\/www.seunovo.site\/coriarte\/wp-json\/wp\/v2\/types\/product"}],"replies":[{"embeddable":true,"href":"https:\/\/www.seunovo.site\/coriarte\/wp-json\/wp\/v2\/comments?post=1295"}],"wp:featuredmedia":[{"embeddable":true,"href":"https:\/\/www.seunovo.site\/coriarte\/wp-json\/wp\/v2\/media\/1296"}],"wp:attachment":[{"href":"https:\/\/www.seunovo.site\/coriarte\/wp-json\/wp\/v2\/media?parent=1295"}],"wp:term":[{"taxonomy":"product_cat","embeddable":true,"href":"https:\/\/www.seunovo.site\/coriarte\/wp-json\/wp\/v2\/product_cat?post=1295"},{"taxonomy":"product_tag","embeddable":true,"href":"https:\/\/www.seunovo.site\/coriarte\/wp-json\/wp\/v2\/product_tag?post=1295"}],"curies":[{"name":"wp","href":"https:\/\/api.w.org\/{rel}","templated":true}]}}