{"id":1298,"date":"2023-10-16T13:33:40","date_gmt":"2023-10-16T16:33:40","guid":{"rendered":"http:\/\/www.seunovo.site\/coriarte\/?post_type=product&#038;p=1298"},"modified":"2023-10-16T13:37:26","modified_gmt":"2023-10-16T16:37:26","slug":"massa-extra-leve","status":"publish","type":"product","link":"https:\/\/www.seunovo.site\/coriarte\/produto\/massa-extra-leve\/","title":{"rendered":"Massa Extra Leve"},"content":{"rendered":"","protected":false},"excerpt":{"rendered":"<p>A massa acr\u00edlica premium Coriarte \u00e9 um revestimento indicado para nivelar e corrigir imperfei\u00e7\u00f5es de substratos de alvenaria, gesso ou concreto em ambientes externos e internos. Sua baixa absor\u00e7\u00e3o de \u00e1gua garante um bom desempenho mesmo em superf\u00edcies expostas ao intemperismo.<\/p>\n","protected":false},"featured_media":1299,"comment_status":"open","ping_status":"closed","template":"","meta":[],"product_cat":[19],"product_tag":[],"acf":{"indicado_para_aplicacao":"Desempenadeira<br>\r\nEsp\u00e1tula de a\u00e7o\r\n","dados_do_produto":"Dilui\u00e7\u00e3o com \u00e1gua At\u00e9 5 %<br>\r\nN\u00famero de dem\u00e3os 2 a 3<br>\r\nSecagem ao Toque 1 hora<br>\r\nSecagem Manuseio 3 horas<br>\r\nIntervalo entre Dem\u00e3o 4 horas<br>\r\nSecagem total 6 horas\r\n","rendimento_minimo_acabado":"Quartinho 0,9L At\u00e9 1,8m2<br>\r\nGal\u00e3o 3,6L At\u00e9 7,2m2<br>\r\nBalde 25kg At\u00e9 50m2\r\n"},"_links":{"self":[{"href":"https:\/\/www.seunovo.site\/coriarte\/wp-json\/wp\/v2\/product\/1298"}],"collection":[{"href":"https:\/\/www.seunovo.site\/coriarte\/wp-json\/wp\/v2\/product"}],"about":[{"href":"https:\/\/www.seunovo.site\/coriarte\/wp-json\/wp\/v2\/types\/product"}],"replies":[{"embeddable":true,"href":"https:\/\/www.seunovo.site\/coriarte\/wp-json\/wp\/v2\/comments?post=1298"}],"wp:featuredmedia":[{"embeddable":true,"href":"https:\/\/www.seunovo.site\/coriarte\/wp-json\/wp\/v2\/media\/1299"}],"wp:attachment":[{"href":"https:\/\/www.seunovo.site\/coriarte\/wp-json\/wp\/v2\/media?parent=1298"}],"wp:term":[{"taxonomy":"product_cat","embeddable":true,"href":"https:\/\/www.seunovo.site\/coriarte\/wp-json\/wp\/v2\/product_cat?post=1298"},{"taxonomy":"product_tag","embeddable":true,"href":"https:\/\/www.seunovo.site\/coriarte\/wp-json\/wp\/v2\/product_tag?post=1298"}],"curies":[{"name":"wp","href":"https:\/\/api.w.org\/{rel}","templated":true}]}}