{"id":1314,"date":"2023-10-16T14:31:13","date_gmt":"2023-10-16T17:31:13","guid":{"rendered":"http:\/\/www.seunovo.site\/coriarte\/?post_type=product&#038;p=1314"},"modified":"2023-10-26T00:38:31","modified_gmt":"2023-10-26T03:38:31","slug":"esmalte-sintetico-standard","status":"publish","type":"product","link":"https:\/\/www.seunovo.site\/coriarte\/produto\/esmalte-sintetico-standard\/","title":{"rendered":"Esmalte Sint\u00e9tico Standard"},"content":{"rendered":"","protected":false},"excerpt":{"rendered":"<p>De linha Standard de \u00f3tima qualidade, boa cobertura e excelente rendimento. Indicado para pinturas em madeiras e metais, pinturas imobili\u00e1rias em geral.<\/p>\n","protected":false},"featured_media":1312,"comment_status":"open","ping_status":"closed","template":"","meta":[],"product_cat":[19],"product_tag":[1480],"acf":{"indicado_para_aplicacao":"","dados_do_produto":"Diluente: Aguarr\u00e1s <Br>\r\nDilui\u00e7\u00e3o: 5 \u2013 15% em volume\r\n","rendimento_minimo_acabado":""},"_links":{"self":[{"href":"https:\/\/www.seunovo.site\/coriarte\/wp-json\/wp\/v2\/product\/1314"}],"collection":[{"href":"https:\/\/www.seunovo.site\/coriarte\/wp-json\/wp\/v2\/product"}],"about":[{"href":"https:\/\/www.seunovo.site\/coriarte\/wp-json\/wp\/v2\/types\/product"}],"replies":[{"embeddable":true,"href":"https:\/\/www.seunovo.site\/coriarte\/wp-json\/wp\/v2\/comments?post=1314"}],"wp:featuredmedia":[{"embeddable":true,"href":"https:\/\/www.seunovo.site\/coriarte\/wp-json\/wp\/v2\/media\/1312"}],"wp:attachment":[{"href":"https:\/\/www.seunovo.site\/coriarte\/wp-json\/wp\/v2\/media?parent=1314"}],"wp:term":[{"taxonomy":"product_cat","embeddable":true,"href":"https:\/\/www.seunovo.site\/coriarte\/wp-json\/wp\/v2\/product_cat?post=1314"},{"taxonomy":"product_tag","embeddable":true,"href":"https:\/\/www.seunovo.site\/coriarte\/wp-json\/wp\/v2\/product_tag?post=1314"}],"curies":[{"name":"wp","href":"https:\/\/api.w.org\/{rel}","templated":true}]}}