{"id":1315,"date":"2023-10-16T14:37:19","date_gmt":"2023-10-16T17:37:19","guid":{"rendered":"http:\/\/www.seunovo.site\/coriarte\/?post_type=product&#038;p=1315"},"modified":"2023-10-16T14:51:10","modified_gmt":"2023-10-16T17:51:10","slug":"fundo-preparador-base-agua","status":"publish","type":"product","link":"https:\/\/www.seunovo.site\/coriarte\/produto\/fundo-preparador-base-agua\/","title":{"rendered":"Fundo Preparador Base \u00c1gua"},"content":{"rendered":"","protected":false},"excerpt":{"rendered":"<p>O Fundo Preparador de Paredes \u00e9 um produto \u00e0 base de \u00e1gua, cuja finalidade \u00e9 refor\u00e7ar a estrutura interna de paredes novas de concreto, pois tem a capacidade de unir as part\u00edculas soltas, tornando a superf\u00edcie coesa para receber a pintura de acabamento. Sua caracter\u00edstica \u00e9 de penetra\u00e7\u00e3o total no substrato, n\u00e3o formando um filme externo.<\/p>\n","protected":false},"featured_media":1316,"comment_status":"open","ping_status":"closed","template":"","meta":[],"product_cat":[19],"product_tag":[],"acf":{"indicado_para_aplicacao":"Pincel<br>\r\nRolo de pelo curto","dados_do_produto":"Dilui\u00e7\u00e3o geral Pronto para uso<br>\r\nN\u00famero de dem\u00e3os 1<br>\r\nSecagem ao Toque 1 hora<br>\r\nSecagem total 24 horas\r\n","rendimento_minimo_acabado":"Quartinho 0,9L 10m2<br>\r\nGal\u00e3o 3,6L 40m2<br>\r\nLata 18L 200m2"},"_links":{"self":[{"href":"https:\/\/www.seunovo.site\/coriarte\/wp-json\/wp\/v2\/product\/1315"}],"collection":[{"href":"https:\/\/www.seunovo.site\/coriarte\/wp-json\/wp\/v2\/product"}],"about":[{"href":"https:\/\/www.seunovo.site\/coriarte\/wp-json\/wp\/v2\/types\/product"}],"replies":[{"embeddable":true,"href":"https:\/\/www.seunovo.site\/coriarte\/wp-json\/wp\/v2\/comments?post=1315"}],"wp:featuredmedia":[{"embeddable":true,"href":"https:\/\/www.seunovo.site\/coriarte\/wp-json\/wp\/v2\/media\/1316"}],"wp:attachment":[{"href":"https:\/\/www.seunovo.site\/coriarte\/wp-json\/wp\/v2\/media?parent=1315"}],"wp:term":[{"taxonomy":"product_cat","embeddable":true,"href":"https:\/\/www.seunovo.site\/coriarte\/wp-json\/wp\/v2\/product_cat?post=1315"},{"taxonomy":"product_tag","embeddable":true,"href":"https:\/\/www.seunovo.site\/coriarte\/wp-json\/wp\/v2\/product_tag?post=1315"}],"curies":[{"name":"wp","href":"https:\/\/api.w.org\/{rel}","templated":true}]}}