{"id":1319,"date":"2023-10-16T14:58:56","date_gmt":"2023-10-16T17:58:56","guid":{"rendered":"http:\/\/www.seunovo.site\/coriarte\/?post_type=product&#038;p=1319"},"modified":"2023-10-25T18:48:25","modified_gmt":"2023-10-25T21:48:25","slug":"grafiarte","status":"publish","type":"product","link":"https:\/\/www.seunovo.site\/coriarte\/produto\/grafiarte\/","title":{"rendered":"Grafiarte"},"content":{"rendered":"","protected":false},"excerpt":{"rendered":"<p>O Grafiarte Coriarte \u00e9 um revestimento r\u00fastico indicado para promover efeito riscado de alta camada em ambientes internos e externos.<\/p>\n","protected":false},"featured_media":1320,"comment_status":"open","ping_status":"closed","template":"","meta":[],"product_cat":[19],"product_tag":[1479],"acf":{"indicado_para_aplicacao":"Desempenadeira de a\u00e7o<br>\r\nRolos de efeito\r\n","dados_do_produto":"Dilui\u00e7\u00e3o com \u00e1gua At\u00e9 5 %<br>\r\nN\u00famero de dem\u00e3os 1<br>\r\nSecagem ao Toque 2 horas<br>\r\nSecagem Manuseio 4 horas<br>\r\nSecagem total 24 horas\r\n","rendimento_minimo_acabado":"Gal\u00e3o 6,8kg At\u00e9 5m2<br>\r\nBalde 25kg At\u00e9 20m2\r\n"},"_links":{"self":[{"href":"https:\/\/www.seunovo.site\/coriarte\/wp-json\/wp\/v2\/product\/1319"}],"collection":[{"href":"https:\/\/www.seunovo.site\/coriarte\/wp-json\/wp\/v2\/product"}],"about":[{"href":"https:\/\/www.seunovo.site\/coriarte\/wp-json\/wp\/v2\/types\/product"}],"replies":[{"embeddable":true,"href":"https:\/\/www.seunovo.site\/coriarte\/wp-json\/wp\/v2\/comments?post=1319"}],"wp:featuredmedia":[{"embeddable":true,"href":"https:\/\/www.seunovo.site\/coriarte\/wp-json\/wp\/v2\/media\/1320"}],"wp:attachment":[{"href":"https:\/\/www.seunovo.site\/coriarte\/wp-json\/wp\/v2\/media?parent=1319"}],"wp:term":[{"taxonomy":"product_cat","embeddable":true,"href":"https:\/\/www.seunovo.site\/coriarte\/wp-json\/wp\/v2\/product_cat?post=1319"},{"taxonomy":"product_tag","embeddable":true,"href":"https:\/\/www.seunovo.site\/coriarte\/wp-json\/wp\/v2\/product_tag?post=1319"}],"curies":[{"name":"wp","href":"https:\/\/api.w.org\/{rel}","templated":true}]}}