{"id":1342,"date":"2023-10-16T15:34:09","date_gmt":"2023-10-16T18:34:09","guid":{"rendered":"http:\/\/www.seunovo.site\/coriarte\/?post_type=product&#038;p=1342"},"modified":"2023-10-23T08:44:54","modified_gmt":"2023-10-23T11:44:54","slug":"esmalte-pu-hs","status":"publish","type":"product","link":"https:\/\/www.seunovo.site\/coriarte\/produto\/esmalte-pu-hs\/","title":{"rendered":"Esmalte PU HS"},"content":{"rendered":"","protected":false},"excerpt":{"rendered":"<p>Esmalte acabamento bicomponente indicado para pintura de frotas e estruturas met\u00e1licas que necessitam de elevada resist\u00eancia mec\u00e2nica e alto brilho.<\/p>\n","protected":false},"featured_media":1339,"comment_status":"open","ping_status":"closed","template":"","meta":[],"product_cat":[18],"product_tag":[53],"acf":{"indicado_para_aplicacao":"A\u00e7o Carbono<br>\r\nSobre pe\u00e7as pintadas com primer e wash primer\r\n","dados_do_produto":"Rela\u00e7\u00e3o de mistura em volume 2x1<br>\r\nAcelerador de Secagem 40.27<br>\r\nDilui\u00e7\u00e3o 20 a 30 %<br>\r\nRedutor 10.80\/20.80<br>\r\nEspessura 40 a 50 \u03bcm<br>\r\nRendimento (por dem\u00e3o) 10 m2\/L<br>\r\nSecagem ao Toque 30 \u2013 40 minutos<br>\r\nSecagem ao Manuseio 2 \u2013 4 horas<br>\r\nSecagem Final 72 horas\r\n","rendimento_minimo_acabado":""},"_links":{"self":[{"href":"https:\/\/www.seunovo.site\/coriarte\/wp-json\/wp\/v2\/product\/1342"}],"collection":[{"href":"https:\/\/www.seunovo.site\/coriarte\/wp-json\/wp\/v2\/product"}],"about":[{"href":"https:\/\/www.seunovo.site\/coriarte\/wp-json\/wp\/v2\/types\/product"}],"replies":[{"embeddable":true,"href":"https:\/\/www.seunovo.site\/coriarte\/wp-json\/wp\/v2\/comments?post=1342"}],"wp:featuredmedia":[{"embeddable":true,"href":"https:\/\/www.seunovo.site\/coriarte\/wp-json\/wp\/v2\/media\/1339"}],"wp:attachment":[{"href":"https:\/\/www.seunovo.site\/coriarte\/wp-json\/wp\/v2\/media?parent=1342"}],"wp:term":[{"taxonomy":"product_cat","embeddable":true,"href":"https:\/\/www.seunovo.site\/coriarte\/wp-json\/wp\/v2\/product_cat?post=1342"},{"taxonomy":"product_tag","embeddable":true,"href":"https:\/\/www.seunovo.site\/coriarte\/wp-json\/wp\/v2\/product_tag?post=1342"}],"curies":[{"name":"wp","href":"https:\/\/api.w.org\/{rel}","templated":true}]}}