{"id":1344,"date":"2023-10-16T15:38:19","date_gmt":"2023-10-16T18:38:19","guid":{"rendered":"http:\/\/www.seunovo.site\/coriarte\/?post_type=product&#038;p=1344"},"modified":"2023-10-22T21:55:09","modified_gmt":"2023-10-23T00:55:09","slug":"kraftcryl-primer-monocomponente-cinza-df-210","status":"publish","type":"product","link":"https:\/\/www.seunovo.site\/coriarte\/produto\/kraftcryl-primer-monocomponente-cinza-df-210\/","title":{"rendered":"KraftCryl Primer Monocomponente Cinza DF 210"},"content":{"rendered":"","protected":false},"excerpt":{"rendered":"<p>Primer acr\u00edlico monocomponente indicado para superf\u00edcies ferrosas e n\u00e3o ferrosas.<br \/>\nPossui \u00f3timo enchimento e excelente dureza.<\/p>\n","protected":false},"featured_media":1339,"comment_status":"open","ping_status":"closed","template":"","meta":[],"product_cat":[18],"product_tag":[53],"acf":{"indicado_para_aplicacao":"A\u00e7o<br>\r\nEstruturas met\u00e1licas<br>\r\nGalvanizados\r\n","dados_do_produto":"Dilui\u00e7\u00e3o 50 a 70 %<br>\r\nRedutor 10.73<br>\r\nEspessura 50 a 60 \u03bcm<br>\r\nRendimento 10 m2\/L<br>\r\nSecagem ao Toque 5 \u2013 10 minutos<br>\r\nSecagem Manuseio 20 \u2013 30 minutos\r\n","rendimento_minimo_acabado":""},"_links":{"self":[{"href":"https:\/\/www.seunovo.site\/coriarte\/wp-json\/wp\/v2\/product\/1344"}],"collection":[{"href":"https:\/\/www.seunovo.site\/coriarte\/wp-json\/wp\/v2\/product"}],"about":[{"href":"https:\/\/www.seunovo.site\/coriarte\/wp-json\/wp\/v2\/types\/product"}],"replies":[{"embeddable":true,"href":"https:\/\/www.seunovo.site\/coriarte\/wp-json\/wp\/v2\/comments?post=1344"}],"wp:featuredmedia":[{"embeddable":true,"href":"https:\/\/www.seunovo.site\/coriarte\/wp-json\/wp\/v2\/media\/1339"}],"wp:attachment":[{"href":"https:\/\/www.seunovo.site\/coriarte\/wp-json\/wp\/v2\/media?parent=1344"}],"wp:term":[{"taxonomy":"product_cat","embeddable":true,"href":"https:\/\/www.seunovo.site\/coriarte\/wp-json\/wp\/v2\/product_cat?post=1344"},{"taxonomy":"product_tag","embeddable":true,"href":"https:\/\/www.seunovo.site\/coriarte\/wp-json\/wp\/v2\/product_tag?post=1344"}],"curies":[{"name":"wp","href":"https:\/\/api.w.org\/{rel}","templated":true}]}}