{"id":2170,"date":"2023-10-25T17:26:17","date_gmt":"2023-10-25T20:26:17","guid":{"rendered":"http:\/\/www.seunovo.site\/coriarte\/?post_type=product&#038;p=2170"},"modified":"2023-10-25T17:46:05","modified_gmt":"2023-10-25T20:46:05","slug":"acrilico-premium-fosco","status":"publish","type":"product","link":"https:\/\/www.seunovo.site\/coriarte\/produto\/acrilico-premium-fosco\/","title":{"rendered":"Acr\u00edlico Premium Fosco"},"content":{"rendered":"","protected":false},"excerpt":{"rendered":"<p>A tinta acr\u00edlica fosca \u00e9 indicada para superf\u00edcie (parede) de alvenaria e concreto em geral, massas e texturas, ideal para pintura em gesso.  \u00c9 indicada tanto para ambientes internos quanto externos. Produto com acabamento fosco, desse modo disfar\u00e7a as imperfei\u00e7\u00f5es da superf\u00edcie. Bom alastramento, \u00f3tima cobertura, f\u00e1cil aplica\u00e7\u00e3o.<\/p>\n","protected":false},"featured_media":2098,"comment_status":"open","ping_status":"closed","template":"","meta":[],"product_cat":[19],"product_tag":[45],"acf":{"indicado_para_aplicacao":"","dados_do_produto":"","rendimento_minimo_acabado":""},"_links":{"self":[{"href":"https:\/\/www.seunovo.site\/coriarte\/wp-json\/wp\/v2\/product\/2170"}],"collection":[{"href":"https:\/\/www.seunovo.site\/coriarte\/wp-json\/wp\/v2\/product"}],"about":[{"href":"https:\/\/www.seunovo.site\/coriarte\/wp-json\/wp\/v2\/types\/product"}],"replies":[{"embeddable":true,"href":"https:\/\/www.seunovo.site\/coriarte\/wp-json\/wp\/v2\/comments?post=2170"}],"wp:featuredmedia":[{"embeddable":true,"href":"https:\/\/www.seunovo.site\/coriarte\/wp-json\/wp\/v2\/media\/2098"}],"wp:attachment":[{"href":"https:\/\/www.seunovo.site\/coriarte\/wp-json\/wp\/v2\/media?parent=2170"}],"wp:term":[{"taxonomy":"product_cat","embeddable":true,"href":"https:\/\/www.seunovo.site\/coriarte\/wp-json\/wp\/v2\/product_cat?post=2170"},{"taxonomy":"product_tag","embeddable":true,"href":"https:\/\/www.seunovo.site\/coriarte\/wp-json\/wp\/v2\/product_tag?post=2170"}],"curies":[{"name":"wp","href":"https:\/\/api.w.org\/{rel}","templated":true}]}}