{"id":2174,"date":"2023-10-25T17:50:57","date_gmt":"2023-10-25T20:50:57","guid":{"rendered":"http:\/\/www.seunovo.site\/coriarte\/?post_type=product&#038;p=2174"},"modified":"2023-10-25T17:54:33","modified_gmt":"2023-10-25T20:54:33","slug":"oleo-premium","status":"publish","type":"product","link":"https:\/\/www.seunovo.site\/coriarte\/produto\/oleo-premium\/","title":{"rendered":"\u00d3leo Premium"},"content":{"rendered":"","protected":false},"excerpt":{"rendered":"<p>A Tinta \u00d3leo \u00e9 um produto \u00e0 base de solvente que proporciona bom brilho e \u00f3timo custo-benef\u00edcio, prolonga a vida \u00fatil da superf\u00edcie em que \u00e9 aplicada. Indicado para pintura em madeira. <\/p>\n","protected":false},"featured_media":2074,"comment_status":"open","ping_status":"closed","template":"","meta":[],"product_cat":[19],"product_tag":[45],"acf":{"indicado_para_aplicacao":"Pincel de cerdas macias<br>\r\nRolo de pelo curto<br>\r\nPistola\r\n","dados_do_produto":"Diluente Aguarr\u00e1s<br>\r\nDilui\u00e7\u00e3o para rolo 10 a 15%<br>\r\nDilui\u00e7\u00e3o para pistola 20 a 30%<br>\r\nN\u00famero de dem\u00e3os 2 a 3<br>\r\nSecagem ao Toque 10 horas<br>\r\nSecagem Manuseio 12 horas<br>\r\nIntervalo entre Dem\u00e3o 16 horas<br>\r\nSecagem total 72 horas\r\n","rendimento_minimo_acabado":"Quartinho 0,9L 4,0m2<br>\r\nGal\u00e3o 3,6L 16,0m2<br>\r\nLata 18L 80m2\r\n"},"_links":{"self":[{"href":"https:\/\/www.seunovo.site\/coriarte\/wp-json\/wp\/v2\/product\/2174"}],"collection":[{"href":"https:\/\/www.seunovo.site\/coriarte\/wp-json\/wp\/v2\/product"}],"about":[{"href":"https:\/\/www.seunovo.site\/coriarte\/wp-json\/wp\/v2\/types\/product"}],"replies":[{"embeddable":true,"href":"https:\/\/www.seunovo.site\/coriarte\/wp-json\/wp\/v2\/comments?post=2174"}],"wp:featuredmedia":[{"embeddable":true,"href":"https:\/\/www.seunovo.site\/coriarte\/wp-json\/wp\/v2\/media\/2074"}],"wp:attachment":[{"href":"https:\/\/www.seunovo.site\/coriarte\/wp-json\/wp\/v2\/media?parent=2174"}],"wp:term":[{"taxonomy":"product_cat","embeddable":true,"href":"https:\/\/www.seunovo.site\/coriarte\/wp-json\/wp\/v2\/product_cat?post=2174"},{"taxonomy":"product_tag","embeddable":true,"href":"https:\/\/www.seunovo.site\/coriarte\/wp-json\/wp\/v2\/product_tag?post=2174"}],"curies":[{"name":"wp","href":"https:\/\/api.w.org\/{rel}","templated":true}]}}