{"id":2177,"date":"2023-10-25T18:03:45","date_gmt":"2023-10-25T21:03:45","guid":{"rendered":"http:\/\/www.seunovo.site\/coriarte\/?post_type=product&#038;p=2177"},"modified":"2023-10-25T18:06:38","modified_gmt":"2023-10-25T21:06:38","slug":"fundo-preparador-base-agua-2","status":"publish","type":"product","link":"https:\/\/www.seunovo.site\/coriarte\/produto\/fundo-preparador-base-agua-2\/","title":{"rendered":"Fundo Preparador Base \u00c1gua"},"content":{"rendered":"","protected":false},"excerpt":{"rendered":"<p>O Fundo Preparador de Paredes \u00e9 um produto \u00e0 base de \u00e1gua, cuja finalidade \u00e9 refor\u00e7ar a estrutura interna de paredes novas de concreto, pois tem a capacidade de unir as part\u00edculas soltas, tornando a superf\u00edcie coesa para receber a pintura de acabamento. Sua caracter\u00edstica \u00e9 de penetra\u00e7\u00e3o total no substrato, n\u00e3o formando um filme externo.<\/p>\n<p><strong>Superf\u00edcies indicadas:<\/strong><br \/>\nO Fundo Preparador Premium \u00e9 indicado para paredes novas de concreto ou ainda paredes fracas e envelhecidas de alvenaria. Tamb\u00e9m indicado antes da pintura de telhas e pisos para maior durabilidade.<\/p>\n","protected":false},"featured_media":1316,"comment_status":"open","ping_status":"closed","template":"","meta":[],"product_cat":[19],"product_tag":[1479],"acf":{"indicado_para_aplicacao":"Pincel<br>\r\nRolo de pelo curto\r\n","dados_do_produto":"Dilui\u00e7\u00e3o geral Pronto para uso<br>\r\nN\u00famero de dem\u00e3os 1<br>\r\nSecagem ao Toque 1 hora<br>\r\nSecagem total 24 horas\r\n","rendimento_minimo_acabado":"Quartinho 0,9L 10m2<br>\r\nGal\u00e3o 3,6L 40m2<br>\r\nLata 18L 200m2\r\n"},"_links":{"self":[{"href":"https:\/\/www.seunovo.site\/coriarte\/wp-json\/wp\/v2\/product\/2177"}],"collection":[{"href":"https:\/\/www.seunovo.site\/coriarte\/wp-json\/wp\/v2\/product"}],"about":[{"href":"https:\/\/www.seunovo.site\/coriarte\/wp-json\/wp\/v2\/types\/product"}],"replies":[{"embeddable":true,"href":"https:\/\/www.seunovo.site\/coriarte\/wp-json\/wp\/v2\/comments?post=2177"}],"wp:featuredmedia":[{"embeddable":true,"href":"https:\/\/www.seunovo.site\/coriarte\/wp-json\/wp\/v2\/media\/1316"}],"wp:attachment":[{"href":"https:\/\/www.seunovo.site\/coriarte\/wp-json\/wp\/v2\/media?parent=2177"}],"wp:term":[{"taxonomy":"product_cat","embeddable":true,"href":"https:\/\/www.seunovo.site\/coriarte\/wp-json\/wp\/v2\/product_cat?post=2177"},{"taxonomy":"product_tag","embeddable":true,"href":"https:\/\/www.seunovo.site\/coriarte\/wp-json\/wp\/v2\/product_tag?post=2177"}],"curies":[{"name":"wp","href":"https:\/\/api.w.org\/{rel}","templated":true}]}}