{"id":2179,"date":"2023-10-25T18:11:19","date_gmt":"2023-10-25T21:11:19","guid":{"rendered":"http:\/\/www.seunovo.site\/coriarte\/?post_type=product&#038;p=2179"},"modified":"2023-10-25T18:12:28","modified_gmt":"2023-10-25T21:12:28","slug":"fundo-nivelador-para-madeira","status":"publish","type":"product","link":"https:\/\/www.seunovo.site\/coriarte\/produto\/fundo-nivelador-para-madeira\/","title":{"rendered":"Fundo Nivelador para Madeira"},"content":{"rendered":"","protected":false},"excerpt":{"rendered":"<p>O Fundo Nivelador para Madeiras \u00e9 um produto que proporciona excelente ades\u00e3o entre o substrato e a tinta de acabamento, ao promover o aumento da rugosidade da superf\u00edcie em que \u00e9 aplicada. Tamb\u00e9m evita manchamentos oriundos de penetra\u00e7\u00e3o n\u00e3o-uniforme do acabamento nos poros da madeira, pois possui alto poder de enchimento.<\/p>\n","protected":false},"featured_media":2076,"comment_status":"open","ping_status":"closed","template":"","meta":[],"product_cat":[19],"product_tag":[1479],"acf":{"indicado_para_aplicacao":"Pincel <br>\r\nRolo de pelo curto <br>\r\nPistola\r\n","dados_do_produto":"Diluente Aguarr\u00e1s <br>\r\nDilui\u00e7\u00e3o para rolo 5 \u2013 15 % <br>\r\nDilui\u00e7\u00e3o para pistola 20 a 30% <br>\r\nN\u00famero de dem\u00e3os 1 <br>\r\nSecagem ao Toque 4 horas <br>\r\nEntre dem\u00e3os 12 horas <br>\r\nSecagem total 72 horas\r\n","rendimento_minimo_acabado":"Quartinho 0,9L 8,1m2<br>\r\nGal\u00e3o 3,6L 29,16m2<br>\r\nLata 18L 145m2\r\n"},"_links":{"self":[{"href":"https:\/\/www.seunovo.site\/coriarte\/wp-json\/wp\/v2\/product\/2179"}],"collection":[{"href":"https:\/\/www.seunovo.site\/coriarte\/wp-json\/wp\/v2\/product"}],"about":[{"href":"https:\/\/www.seunovo.site\/coriarte\/wp-json\/wp\/v2\/types\/product"}],"replies":[{"embeddable":true,"href":"https:\/\/www.seunovo.site\/coriarte\/wp-json\/wp\/v2\/comments?post=2179"}],"wp:featuredmedia":[{"embeddable":true,"href":"https:\/\/www.seunovo.site\/coriarte\/wp-json\/wp\/v2\/media\/2076"}],"wp:attachment":[{"href":"https:\/\/www.seunovo.site\/coriarte\/wp-json\/wp\/v2\/media?parent=2179"}],"wp:term":[{"taxonomy":"product_cat","embeddable":true,"href":"https:\/\/www.seunovo.site\/coriarte\/wp-json\/wp\/v2\/product_cat?post=2179"},{"taxonomy":"product_tag","embeddable":true,"href":"https:\/\/www.seunovo.site\/coriarte\/wp-json\/wp\/v2\/product_tag?post=2179"}],"curies":[{"name":"wp","href":"https:\/\/api.w.org\/{rel}","templated":true}]}}