{"id":2180,"date":"2023-10-25T18:13:44","date_gmt":"2023-10-25T21:13:44","guid":{"rendered":"http:\/\/www.seunovo.site\/coriarte\/?post_type=product&#038;p=2180"},"modified":"2023-10-25T18:16:36","modified_gmt":"2023-10-25T21:16:36","slug":"verniz-acrilico-incolor","status":"publish","type":"product","link":"https:\/\/www.seunovo.site\/coriarte\/produto\/verniz-acrilico-incolor\/","title":{"rendered":"Verniz Acr\u00edlico Incolor"},"content":{"rendered":"","protected":false},"excerpt":{"rendered":"<p>O verniz acr\u00edlico Coriarte possui acabamento incolor brilhante, ideal para real\u00e7ar o brilho de alguma pintura acr\u00edlica j\u00e1 feita ou mesmo de materiais brutos como tijolos e concreto.<\/p>\n","protected":false},"featured_media":1257,"comment_status":"open","ping_status":"closed","template":"","meta":[],"product_cat":[19],"product_tag":[1479],"acf":{"indicado_para_aplicacao":"Pincel<br>\r\nRolo de pelo curto<br>\r\nTrincha<br>\r\nAirless\r\n","dados_do_produto":"Dilui\u00e7\u00e3o com \u00e1gua para rolo At\u00e9 5 %<br>\r\nDilui\u00e7\u00e3o com \u00e1gua para airless 20 a 30%<br>\r\nN\u00famero de dem\u00e3os 2 a 3<br>\r\nSecagem ao Toque 1 hora<br>\r\nSecagem Manuseio 2 horas<br>\r\nIntervalo entre Dem\u00e3o 4 \u2013 6 horas<br>\r\nSecagem total 72 horas\r\n","rendimento_minimo_acabado":"Quartinho 0,9L 5m2<br>\r\nGal\u00e3o 3,6L 20m2<br>\r\nLata 18L 100m2\r\n"},"_links":{"self":[{"href":"https:\/\/www.seunovo.site\/coriarte\/wp-json\/wp\/v2\/product\/2180"}],"collection":[{"href":"https:\/\/www.seunovo.site\/coriarte\/wp-json\/wp\/v2\/product"}],"about":[{"href":"https:\/\/www.seunovo.site\/coriarte\/wp-json\/wp\/v2\/types\/product"}],"replies":[{"embeddable":true,"href":"https:\/\/www.seunovo.site\/coriarte\/wp-json\/wp\/v2\/comments?post=2180"}],"wp:featuredmedia":[{"embeddable":true,"href":"https:\/\/www.seunovo.site\/coriarte\/wp-json\/wp\/v2\/media\/1257"}],"wp:attachment":[{"href":"https:\/\/www.seunovo.site\/coriarte\/wp-json\/wp\/v2\/media?parent=2180"}],"wp:term":[{"taxonomy":"product_cat","embeddable":true,"href":"https:\/\/www.seunovo.site\/coriarte\/wp-json\/wp\/v2\/product_cat?post=2180"},{"taxonomy":"product_tag","embeddable":true,"href":"https:\/\/www.seunovo.site\/coriarte\/wp-json\/wp\/v2\/product_tag?post=2180"}],"curies":[{"name":"wp","href":"https:\/\/api.w.org\/{rel}","templated":true}]}}