{"id":2181,"date":"2023-10-25T18:17:33","date_gmt":"2023-10-25T21:17:33","guid":{"rendered":"http:\/\/www.seunovo.site\/coriarte\/?post_type=product&#038;p=2181"},"modified":"2023-10-25T18:18:52","modified_gmt":"2023-10-25T21:18:52","slug":"piso-muro-e-fachada","status":"publish","type":"product","link":"https:\/\/www.seunovo.site\/coriarte\/produto\/piso-muro-e-fachada\/","title":{"rendered":"Piso Muro e Fachada"},"content":{"rendered":"","protected":false},"excerpt":{"rendered":"<p>A tinta Piso, Muro e Fachada \u00e9 um produto especialmente desenvolvido para aplica\u00e7\u00e3o em<br \/>\npisos de concreto e \u201cpavers\u201d. Possui alta resist\u00eancia \u00e0 abras\u00e3o e aspecto acetinado. N\u00e3o \u00e9 recomendado o uso sobre pisos cimentados polidos ou popularmente denominados &#8220;queimados&#8221;.<\/p>\n","protected":false},"featured_media":1257,"comment_status":"open","ping_status":"closed","template":"","meta":[],"product_cat":[19],"product_tag":[1479],"acf":{"indicado_para_aplicacao":"Pincel<br>\r\nRolo de pelo curto<br>\r\nTrincha<br>\r\nAirless\r\n","dados_do_produto":"Dilui\u00e7\u00e3o com \u00e1gua para rolo 5 \u2013 15 %<br>\r\nDilui\u00e7\u00e3o com \u00e1gua para pistola 20 a 30%<br>\r\nDilui\u00e7\u00e3o primeira dem\u00e3o At\u00e9 40%<br>\r\nN\u00famero de dem\u00e3os 3 a 4<br>\r\nSecagem ao Toque 2 horas<br>\r\nSecagem Manuseio 4 horas<br>\r\nIntervalo entre Dem\u00e3o 4 \u2013 6 horas<br>\r\nSecagem total 72 horas\r\n","rendimento_minimo_acabado":"Quartinho 0,9L 5m2<br>\r\nGal\u00e3o 3,6L 202<br>\r\nLata 18L 100m2\r\n"},"_links":{"self":[{"href":"https:\/\/www.seunovo.site\/coriarte\/wp-json\/wp\/v2\/product\/2181"}],"collection":[{"href":"https:\/\/www.seunovo.site\/coriarte\/wp-json\/wp\/v2\/product"}],"about":[{"href":"https:\/\/www.seunovo.site\/coriarte\/wp-json\/wp\/v2\/types\/product"}],"replies":[{"embeddable":true,"href":"https:\/\/www.seunovo.site\/coriarte\/wp-json\/wp\/v2\/comments?post=2181"}],"wp:featuredmedia":[{"embeddable":true,"href":"https:\/\/www.seunovo.site\/coriarte\/wp-json\/wp\/v2\/media\/1257"}],"wp:attachment":[{"href":"https:\/\/www.seunovo.site\/coriarte\/wp-json\/wp\/v2\/media?parent=2181"}],"wp:term":[{"taxonomy":"product_cat","embeddable":true,"href":"https:\/\/www.seunovo.site\/coriarte\/wp-json\/wp\/v2\/product_cat?post=2181"},{"taxonomy":"product_tag","embeddable":true,"href":"https:\/\/www.seunovo.site\/coriarte\/wp-json\/wp\/v2\/product_tag?post=2181"}],"curies":[{"name":"wp","href":"https:\/\/api.w.org\/{rel}","templated":true}]}}