{"id":2182,"date":"2023-10-25T18:22:37","date_gmt":"2023-10-25T21:22:37","guid":{"rendered":"http:\/\/www.seunovo.site\/coriarte\/?post_type=product&#038;p=2182"},"modified":"2023-10-25T18:27:02","modified_gmt":"2023-10-25T21:27:02","slug":"restauraflex","status":"publish","type":"product","link":"https:\/\/www.seunovo.site\/coriarte\/produto\/restauraflex\/","title":{"rendered":"Restauraflex"},"content":{"rendered":"","protected":false},"excerpt":{"rendered":"<p>O produto Restauraflex foi desenvolvido para paredes de alvenaria que enfrentam consider\u00e1vel dilata\u00e7\u00e3o e contra\u00e7\u00e3o natural, evitando assim o aparecimento de pequenas fissuras e para paredes expostas \u00e0 chuva. Tamb\u00e9m \u00e9 indicado para impermeabiliza\u00e7\u00e3o de lajes em que n\u00e3o haja tr\u00e2nsito de pessoas ou qualquer tipo de ve\u00edculo.<\/p>\n","protected":false},"featured_media":1257,"comment_status":"open","ping_status":"closed","template":"","meta":[],"product_cat":[19],"product_tag":[1479],"acf":{"indicado_para_aplicacao":"Rolo de l\u00e3<br>\r\nTrincha\r\n","dados_do_produto":"Dilui\u00e7\u00e3o com \u00e1gua para rolo 5 \u2013 15 %<br>\r\nN\u00famero de dem\u00e3os paredes 3<br>\r\nN\u00famero dem\u00e3os lajes 5 a 7<br>\r\nSecagem ao Toque 2 horas<br>\r\nSecagem Manuseio 4 horas<br>\r\nIntervalo entre Dem\u00e3o 4 \u2013 6 horas<br>\r\nSecagem total 72 horas\r\n","rendimento_minimo_acabado":"Quartinho 0,9L At\u00e9 5m2<br>\r\nGal\u00e3o 3,6L At\u00e9 20m2<br>\r\nLata 18L At\u00e9 100m2\r\n"},"_links":{"self":[{"href":"https:\/\/www.seunovo.site\/coriarte\/wp-json\/wp\/v2\/product\/2182"}],"collection":[{"href":"https:\/\/www.seunovo.site\/coriarte\/wp-json\/wp\/v2\/product"}],"about":[{"href":"https:\/\/www.seunovo.site\/coriarte\/wp-json\/wp\/v2\/types\/product"}],"replies":[{"embeddable":true,"href":"https:\/\/www.seunovo.site\/coriarte\/wp-json\/wp\/v2\/comments?post=2182"}],"wp:featuredmedia":[{"embeddable":true,"href":"https:\/\/www.seunovo.site\/coriarte\/wp-json\/wp\/v2\/media\/1257"}],"wp:attachment":[{"href":"https:\/\/www.seunovo.site\/coriarte\/wp-json\/wp\/v2\/media?parent=2182"}],"wp:term":[{"taxonomy":"product_cat","embeddable":true,"href":"https:\/\/www.seunovo.site\/coriarte\/wp-json\/wp\/v2\/product_cat?post=2182"},{"taxonomy":"product_tag","embeddable":true,"href":"https:\/\/www.seunovo.site\/coriarte\/wp-json\/wp\/v2\/product_tag?post=2182"}],"curies":[{"name":"wp","href":"https:\/\/api.w.org\/{rel}","templated":true}]}}