{"id":2183,"date":"2023-10-25T18:29:08","date_gmt":"2023-10-25T21:29:08","guid":{"rendered":"http:\/\/www.seunovo.site\/coriarte\/?post_type=product&#038;p=2183"},"modified":"2023-10-25T18:31:38","modified_gmt":"2023-10-25T21:31:38","slug":"impermeabilizante-para-telha","status":"publish","type":"product","link":"https:\/\/www.seunovo.site\/coriarte\/produto\/impermeabilizante-para-telha\/","title":{"rendered":"Impermeabilizante para Telha"},"content":{"rendered":"","protected":false},"excerpt":{"rendered":"<p>A Tinta Impermeabilizante para telhas \u00e9 um produto indicado especialmente para prote\u00e7\u00e3o de telhados n\u00e3o industriais. Est\u00e1 dispon\u00edvel nos acabamentos incolor e pigmentado.<\/p>\n","protected":false},"featured_media":1257,"comment_status":"open","ping_status":"closed","template":"","meta":[],"product_cat":[19],"product_tag":[1479],"acf":{"indicado_para_aplicacao":"Pincel<br>\r\nRolo de pelo curto<br>\r\nAirless\r\n","dados_do_produto":"Dilui\u00e7\u00e3o com \u00e1gua para rolo 5 \u2013 15 %<br>\r\nDilui\u00e7\u00e3o com \u00e1gua para pistola 20 a 30%<br>\r\nDilui\u00e7\u00e3o primeira dem\u00e3o At\u00e9 40%<br>\r\nN\u00famero de dem\u00e3os 3 a 4<br>\r\nSecagem ao Toque 2 horas<br>\r\nSecagem Manuseio 4 horas<br>\r\nIntervalo entre Dem\u00e3o 4 \u2013 6 horas<br>\r\nSecagem total 72 horas\r\n","rendimento_minimo_acabado":"Quartinho 0,9L 5m2<br>\r\nGal\u00e3o 3,6L 202<br>\r\nLata 18L 100m2\r\n"},"_links":{"self":[{"href":"https:\/\/www.seunovo.site\/coriarte\/wp-json\/wp\/v2\/product\/2183"}],"collection":[{"href":"https:\/\/www.seunovo.site\/coriarte\/wp-json\/wp\/v2\/product"}],"about":[{"href":"https:\/\/www.seunovo.site\/coriarte\/wp-json\/wp\/v2\/types\/product"}],"replies":[{"embeddable":true,"href":"https:\/\/www.seunovo.site\/coriarte\/wp-json\/wp\/v2\/comments?post=2183"}],"wp:featuredmedia":[{"embeddable":true,"href":"https:\/\/www.seunovo.site\/coriarte\/wp-json\/wp\/v2\/media\/1257"}],"wp:attachment":[{"href":"https:\/\/www.seunovo.site\/coriarte\/wp-json\/wp\/v2\/media?parent=2183"}],"wp:term":[{"taxonomy":"product_cat","embeddable":true,"href":"https:\/\/www.seunovo.site\/coriarte\/wp-json\/wp\/v2\/product_cat?post=2183"},{"taxonomy":"product_tag","embeddable":true,"href":"https:\/\/www.seunovo.site\/coriarte\/wp-json\/wp\/v2\/product_tag?post=2183"}],"curies":[{"name":"wp","href":"https:\/\/api.w.org\/{rel}","templated":true}]}}