{"id":2184,"date":"2023-10-25T18:32:43","date_gmt":"2023-10-25T21:32:43","guid":{"rendered":"http:\/\/www.seunovo.site\/coriarte\/?post_type=product&#038;p=2184"},"modified":"2023-10-25T18:53:01","modified_gmt":"2023-10-25T21:53:01","slug":"acrilica-economica-coriarte","status":"publish","type":"product","link":"https:\/\/www.seunovo.site\/coriarte\/produto\/acrilica-economica-coriarte\/","title":{"rendered":"Acr\u00edlica Econ\u00f4mica Coriarte"},"content":{"rendered":"","protected":false},"excerpt":{"rendered":"<p>A tinta acr\u00edlica econ\u00f4mica Coriarte foi desenvolvida para recobrir ambientes internos com m\u00e1xima cobertura seca e alvura, proporcionando um acabamento fosco com \u00f3tima cobertura em duas dem\u00e3os. <\/p>\n","protected":false},"featured_media":1316,"comment_status":"open","ping_status":"closed","template":"","meta":[],"product_cat":[19],"product_tag":[1479],"acf":{"indicado_para_aplicacao":"Pincel<br>\r\nRolo de pelo curto<br>\r\nTrincha  <br>\r\nAirless\r\n","dados_do_produto":"Dilui\u00e7\u00e3o com \u00e1gua para rolo 10 \u2013 15 %<br>\r\nDilui\u00e7\u00e3o com \u00e1gua para airless 20 a 40%<br> \r\nN\u00famero de dem\u00e3os Tipicamente 2 <br>\r\nSecagem ao Toque 30 minutos <br>\r\nSecagem Manuseio 2 horas Intervalo entre Dem\u00e3o 4 horas <br>\r\nSecagem total 6 horas \r\n","rendimento_minimo_acabado":"Quartinho 0,9L 3,2m\u00b2  <br>\r\nGal\u00e3o 3,6L 12,8m\u00b2  <br>\r\nLata 18L 64m\u00b2\r\n"},"_links":{"self":[{"href":"https:\/\/www.seunovo.site\/coriarte\/wp-json\/wp\/v2\/product\/2184"}],"collection":[{"href":"https:\/\/www.seunovo.site\/coriarte\/wp-json\/wp\/v2\/product"}],"about":[{"href":"https:\/\/www.seunovo.site\/coriarte\/wp-json\/wp\/v2\/types\/product"}],"replies":[{"embeddable":true,"href":"https:\/\/www.seunovo.site\/coriarte\/wp-json\/wp\/v2\/comments?post=2184"}],"wp:featuredmedia":[{"embeddable":true,"href":"https:\/\/www.seunovo.site\/coriarte\/wp-json\/wp\/v2\/media\/1316"}],"wp:attachment":[{"href":"https:\/\/www.seunovo.site\/coriarte\/wp-json\/wp\/v2\/media?parent=2184"}],"wp:term":[{"taxonomy":"product_cat","embeddable":true,"href":"https:\/\/www.seunovo.site\/coriarte\/wp-json\/wp\/v2\/product_cat?post=2184"},{"taxonomy":"product_tag","embeddable":true,"href":"https:\/\/www.seunovo.site\/coriarte\/wp-json\/wp\/v2\/product_tag?post=2184"}],"curies":[{"name":"wp","href":"https:\/\/api.w.org\/{rel}","templated":true}]}}