{"id":2185,"date":"2023-10-25T18:35:22","date_gmt":"2023-10-25T21:35:22","guid":{"rendered":"http:\/\/www.seunovo.site\/coriarte\/?post_type=product&#038;p=2185"},"modified":"2023-10-25T18:36:59","modified_gmt":"2023-10-25T21:36:59","slug":"esmalte-industrial-coriarte","status":"publish","type":"product","link":"https:\/\/www.seunovo.site\/coriarte\/produto\/esmalte-industrial-coriarte\/","title":{"rendered":"Esmalte Industrial Coriarte"},"content":{"rendered":"","protected":false},"excerpt":{"rendered":"<p>O Esmalte Industrial Alternativo \u00e9 uma tinta alqu\u00eddica indicada para pinturas de pe\u00e7as de a\u00e7o sujeitas a ambientes de baixa agressividade.<\/p>\n","protected":false},"featured_media":0,"comment_status":"open","ping_status":"closed","template":"","meta":[],"product_cat":[19],"product_tag":[1479],"acf":{"indicado_para_aplicacao":"M\u00f3veis de a\u00e7o<br>\r\nGrades<br>\r\nPort\u00f5es<br>\r\nPe\u00e7as em geral\r\n","dados_do_produto":"Dilui\u00e7\u00e3o 10 a 20 %<br>\r\nRedutor 10.30\/20.30<br>\r\nEspessura 20 a 30 \u03bcm<br>\r\nRendimento (por dem\u00e3o) 9 m2\/L<br>\r\nSecagem ao Toque 30 \u2013 40 minutos<br>\r\nSecagem ao Manuseio 4 \u2013 6 horas\r\n","rendimento_minimo_acabado":"Quartinho 0,9L 3,2m\u00b2  <br>\r\nGal\u00e3o 3,6L 12,8m\u00b2  <br>\r\nLata 18L 64m\u00b2\r\n"},"_links":{"self":[{"href":"https:\/\/www.seunovo.site\/coriarte\/wp-json\/wp\/v2\/product\/2185"}],"collection":[{"href":"https:\/\/www.seunovo.site\/coriarte\/wp-json\/wp\/v2\/product"}],"about":[{"href":"https:\/\/www.seunovo.site\/coriarte\/wp-json\/wp\/v2\/types\/product"}],"replies":[{"embeddable":true,"href":"https:\/\/www.seunovo.site\/coriarte\/wp-json\/wp\/v2\/comments?post=2185"}],"wp:attachment":[{"href":"https:\/\/www.seunovo.site\/coriarte\/wp-json\/wp\/v2\/media?parent=2185"}],"wp:term":[{"taxonomy":"product_cat","embeddable":true,"href":"https:\/\/www.seunovo.site\/coriarte\/wp-json\/wp\/v2\/product_cat?post=2185"},{"taxonomy":"product_tag","embeddable":true,"href":"https:\/\/www.seunovo.site\/coriarte\/wp-json\/wp\/v2\/product_tag?post=2185"}],"curies":[{"name":"wp","href":"https:\/\/api.w.org\/{rel}","templated":true}]}}