{"id":2186,"date":"2023-10-25T18:38:07","date_gmt":"2023-10-25T21:38:07","guid":{"rendered":"http:\/\/www.seunovo.site\/coriarte\/?post_type=product&#038;p=2186"},"modified":"2023-10-25T18:41:31","modified_gmt":"2023-10-25T21:41:31","slug":"textura-lisa-rustica","status":"publish","type":"product","link":"https:\/\/www.seunovo.site\/coriarte\/produto\/textura-lisa-rustica\/","title":{"rendered":"Textura Lisa \/ R\u00fastica"},"content":{"rendered":"","protected":false},"excerpt":{"rendered":"<p>A Textura lisa branca Coriarte \u00e9 um revestimento indicado para nivelar e corrigir imperfei\u00e7\u00f5es de substratos de alvenaria, gesso ou concreto em ambientes externos e internos. \u00c9 indicada tamb\u00e9m para criar diferentes relevos e efeitos na superf\u00edcie.<br \/>\n<Br><br \/>\nA Textura r\u00fastica Coriarte \u00e9 um revestimento acr\u00edlico indicado para promover efeitos r\u00fasticos\/rugosos nas superf\u00edcies em que \u00e9 aplicada. A natureza dos efeitos depende do tipo de rolo ou ferramenta utilizada na aplica\u00e7\u00e3o.<br \/>\n<Br><br \/>\n<strong>Superf\u00edcies indicadas:<\/strong><br \/>\nA Textura lisa branca Coriarte \u00e9 indicada para uso em paredes externas e internas e teto de alvenaria, gesso ou concreto. O uso deste produto n\u00e3o dispensa a aplica\u00e7\u00e3o de pinturas de acabamento. A Coriarte indica uma dem\u00e3o de selador acr\u00edlico sobre a Textura aplicada para evitar manchas na pintura de acabamento.<\/p>\n","protected":false},"featured_media":1320,"comment_status":"open","ping_status":"closed","template":"","meta":[],"product_cat":[19],"product_tag":[1479],"acf":{"indicado_para_aplicacao":"Desempenadeira de a\u00e7o<br>\r\nEsp\u00e1tula de a\u00e7o<br>\r\nRolos de efeito\r\n","dados_do_produto":"Dilui\u00e7\u00e3o com \u00e1gua At\u00e9 5 %<br>\r\nN\u00famero de dem\u00e3os 1 a 2<br>\r\nSecagem ao Toque 2 horas<br>\r\nSecagem Manuseio 4 horas<br>\r\nIntervalo entre Dem\u00e3o 6 horas<br>\r\nSecagem total 24 horas\r\n","rendimento_minimo_acabado":"Quartinho 0,9L At\u00e9 1,1m2<br>\r\nGal\u00e3o 3,6L At\u00e9 4,3m2<br>\r\nBalde 25kg At\u00e9 30m2\r\n"},"_links":{"self":[{"href":"https:\/\/www.seunovo.site\/coriarte\/wp-json\/wp\/v2\/product\/2186"}],"collection":[{"href":"https:\/\/www.seunovo.site\/coriarte\/wp-json\/wp\/v2\/product"}],"about":[{"href":"https:\/\/www.seunovo.site\/coriarte\/wp-json\/wp\/v2\/types\/product"}],"replies":[{"embeddable":true,"href":"https:\/\/www.seunovo.site\/coriarte\/wp-json\/wp\/v2\/comments?post=2186"}],"wp:featuredmedia":[{"embeddable":true,"href":"https:\/\/www.seunovo.site\/coriarte\/wp-json\/wp\/v2\/media\/1320"}],"wp:attachment":[{"href":"https:\/\/www.seunovo.site\/coriarte\/wp-json\/wp\/v2\/media?parent=2186"}],"wp:term":[{"taxonomy":"product_cat","embeddable":true,"href":"https:\/\/www.seunovo.site\/coriarte\/wp-json\/wp\/v2\/product_cat?post=2186"},{"taxonomy":"product_tag","embeddable":true,"href":"https:\/\/www.seunovo.site\/coriarte\/wp-json\/wp\/v2\/product_tag?post=2186"}],"curies":[{"name":"wp","href":"https:\/\/api.w.org\/{rel}","templated":true}]}}