{"id":2190,"date":"2023-10-25T18:51:12","date_gmt":"2023-10-25T21:51:12","guid":{"rendered":"http:\/\/www.seunovo.site\/coriarte\/?post_type=product&#038;p=2190"},"modified":"2023-10-25T18:56:48","modified_gmt":"2023-10-25T21:56:48","slug":"verniz-tingidor","status":"publish","type":"product","link":"https:\/\/www.seunovo.site\/coriarte\/produto\/verniz-tingidor\/","title":{"rendered":"Verniz Tingidor"},"content":{"rendered":"","protected":false},"excerpt":{"rendered":"<p>Os vernizes tingidores Coriarte s\u00e3o produtos feitos para aplica\u00e7\u00f5es internas e externas de madeira, conferindo tonalidades similares a madeiras cl\u00e1ssicas como mogno, cerejeira e imbuia.<\/p>\n","protected":false},"featured_media":2076,"comment_status":"open","ping_status":"closed","template":"","meta":[],"product_cat":[19],"product_tag":[1479],"acf":{"indicado_para_aplicacao":"Pincel de cerdas macias<br>\r\nRolo de espuma<br>\r\nPistola\r\n","dados_do_produto":"Diluente Aguarr\u00e1s<br>\r\nDilui\u00e7\u00e3o para rolo 10 %<br>\r\nDilui\u00e7\u00e3o para pistola 20 a 30%<br>\r\nN\u00famero de dem\u00e3os 3<br>\r\nSecagem ao Toque 6 horas<br>\r\nSecagem Manuseio 8 horas<br>\r\nIntervalo entre Dem\u00e3o 12 horas<br>\r\nSecagem total 72 horas\r\n","rendimento_minimo_acabado":"Quartinho 0,9L 5m2<br>\r\nGal\u00e3o 3,6L 20m2<br>\r\nLata 18L 100m2\r\n"},"_links":{"self":[{"href":"https:\/\/www.seunovo.site\/coriarte\/wp-json\/wp\/v2\/product\/2190"}],"collection":[{"href":"https:\/\/www.seunovo.site\/coriarte\/wp-json\/wp\/v2\/product"}],"about":[{"href":"https:\/\/www.seunovo.site\/coriarte\/wp-json\/wp\/v2\/types\/product"}],"replies":[{"embeddable":true,"href":"https:\/\/www.seunovo.site\/coriarte\/wp-json\/wp\/v2\/comments?post=2190"}],"wp:featuredmedia":[{"embeddable":true,"href":"https:\/\/www.seunovo.site\/coriarte\/wp-json\/wp\/v2\/media\/2076"}],"wp:attachment":[{"href":"https:\/\/www.seunovo.site\/coriarte\/wp-json\/wp\/v2\/media?parent=2190"}],"wp:term":[{"taxonomy":"product_cat","embeddable":true,"href":"https:\/\/www.seunovo.site\/coriarte\/wp-json\/wp\/v2\/product_cat?post=2190"},{"taxonomy":"product_tag","embeddable":true,"href":"https:\/\/www.seunovo.site\/coriarte\/wp-json\/wp\/v2\/product_tag?post=2190"}],"curies":[{"name":"wp","href":"https:\/\/api.w.org\/{rel}","templated":true}]}}