{"id":2198,"date":"2023-10-25T22:09:06","date_gmt":"2023-10-26T01:09:06","guid":{"rendered":"http:\/\/www.seunovo.site\/coriarte\/?post_type=product&#038;p=2198"},"modified":"2023-10-25T22:11:17","modified_gmt":"2023-10-26T01:11:17","slug":"verniz-maritimo","status":"publish","type":"product","link":"https:\/\/www.seunovo.site\/coriarte\/produto\/verniz-maritimo\/","title":{"rendered":"Verniz Mar\u00edtimo"},"content":{"rendered":"","protected":false},"excerpt":{"rendered":"<p>O verniz mar\u00edtimo Coriarte \u00e9 um produto feito para aplica\u00e7\u00f5es internas e externas de madeira, conferindo um aspecto brilhante ao substrato e \u00f3tima prote\u00e7\u00e3o contra o intemperismo natural.<\/p>\n","protected":false},"featured_media":2076,"comment_status":"open","ping_status":"closed","template":"","meta":[],"product_cat":[19],"product_tag":[1479],"acf":{"indicado_para_aplicacao":"Pincel de cerdas macias<br>\r\nRolo de espuma<br>\r\nPistola\r\n","dados_do_produto":"Diluente Aguarr\u00e1s<br>\r\nDilui\u00e7\u00e3o para rolo 10 %<br>\r\nDilui\u00e7\u00e3o para pistola 20 a 30%<br>\r\nN\u00famero de dem\u00e3os 3<br>\r\nSecagem ao Toque 6 horas<br>\r\nSecagem Manuseio 8 horas<br>\r\nIntervalo entre Dem\u00e3o 12 horas<br>\r\nSecagem total 72 horas\r\n","rendimento_minimo_acabado":"Quartinho 0,9L 5m2<br>\r\nGal\u00e3o 3,6L 20m2<br>\r\nLata 18L 100m2\r\n"},"_links":{"self":[{"href":"https:\/\/www.seunovo.site\/coriarte\/wp-json\/wp\/v2\/product\/2198"}],"collection":[{"href":"https:\/\/www.seunovo.site\/coriarte\/wp-json\/wp\/v2\/product"}],"about":[{"href":"https:\/\/www.seunovo.site\/coriarte\/wp-json\/wp\/v2\/types\/product"}],"replies":[{"embeddable":true,"href":"https:\/\/www.seunovo.site\/coriarte\/wp-json\/wp\/v2\/comments?post=2198"}],"wp:featuredmedia":[{"embeddable":true,"href":"https:\/\/www.seunovo.site\/coriarte\/wp-json\/wp\/v2\/media\/2076"}],"wp:attachment":[{"href":"https:\/\/www.seunovo.site\/coriarte\/wp-json\/wp\/v2\/media?parent=2198"}],"wp:term":[{"taxonomy":"product_cat","embeddable":true,"href":"https:\/\/www.seunovo.site\/coriarte\/wp-json\/wp\/v2\/product_cat?post=2198"},{"taxonomy":"product_tag","embeddable":true,"href":"https:\/\/www.seunovo.site\/coriarte\/wp-json\/wp\/v2\/product_tag?post=2198"}],"curies":[{"name":"wp","href":"https:\/\/api.w.org\/{rel}","templated":true}]}}