{"id":2199,"date":"2023-10-25T22:12:05","date_gmt":"2023-10-26T01:12:05","guid":{"rendered":"http:\/\/www.seunovo.site\/coriarte\/?post_type=product&#038;p=2199"},"modified":"2023-10-25T22:13:03","modified_gmt":"2023-10-26T01:13:03","slug":"verniz-especial-para-assoalho-de-madeira","status":"publish","type":"product","link":"https:\/\/www.seunovo.site\/coriarte\/produto\/verniz-especial-para-assoalho-de-madeira\/","title":{"rendered":"Verniz Especial para Assoalho de Madeira"},"content":{"rendered":"","protected":false},"excerpt":{"rendered":"<p>O esmalte para assoalho de madeira Coriarte \u00e9 um produto feito para aplica\u00e7\u00f5es internas e externas em pisos de madeira, conferindo um aspecto brilhante e boa dureza ao substrato, proporcionando prote\u00e7\u00e3o contra riscos. <\/p>\n","protected":false},"featured_media":2076,"comment_status":"open","ping_status":"closed","template":"","meta":[],"product_cat":[19],"product_tag":[1479],"acf":{"indicado_para_aplicacao":"Pincel de cerdas macias<br>\r\nRolo de espuma<br>\r\nPistola\r\n","dados_do_produto":"Diluente Aguarr\u00e1s<br>\r\nDilui\u00e7\u00e3o para rolo 10 %<br>\r\nDilui\u00e7\u00e3o para pistola 20 a 30%<br>\r\nN\u00famero de dem\u00e3os 2<br>\r\nSecagem ao Toque 6 horas<br>\r\nSecagem Manuseio 8 horas<br>\r\nIntervalo entre Dem\u00e3o 12 horas<br>\r\nSecagem total 72 horas\r\n","rendimento_minimo_acabado":"Quartinho 0,9L 5m2<br>\r\nGal\u00e3o 3,6L 20m2<br>\r\nLata 18L 100m2\r\n"},"_links":{"self":[{"href":"https:\/\/www.seunovo.site\/coriarte\/wp-json\/wp\/v2\/product\/2199"}],"collection":[{"href":"https:\/\/www.seunovo.site\/coriarte\/wp-json\/wp\/v2\/product"}],"about":[{"href":"https:\/\/www.seunovo.site\/coriarte\/wp-json\/wp\/v2\/types\/product"}],"replies":[{"embeddable":true,"href":"https:\/\/www.seunovo.site\/coriarte\/wp-json\/wp\/v2\/comments?post=2199"}],"wp:featuredmedia":[{"embeddable":true,"href":"https:\/\/www.seunovo.site\/coriarte\/wp-json\/wp\/v2\/media\/2076"}],"wp:attachment":[{"href":"https:\/\/www.seunovo.site\/coriarte\/wp-json\/wp\/v2\/media?parent=2199"}],"wp:term":[{"taxonomy":"product_cat","embeddable":true,"href":"https:\/\/www.seunovo.site\/coriarte\/wp-json\/wp\/v2\/product_cat?post=2199"},{"taxonomy":"product_tag","embeddable":true,"href":"https:\/\/www.seunovo.site\/coriarte\/wp-json\/wp\/v2\/product_tag?post=2199"}],"curies":[{"name":"wp","href":"https:\/\/api.w.org\/{rel}","templated":true}]}}