{"id":2201,"date":"2023-10-25T22:15:30","date_gmt":"2023-10-26T01:15:30","guid":{"rendered":"http:\/\/www.seunovo.site\/coriarte\/?post_type=product&#038;p=2201"},"modified":"2023-10-25T22:16:44","modified_gmt":"2023-10-26T01:16:44","slug":"resina-para-pedra","status":"publish","type":"product","link":"https:\/\/www.seunovo.site\/coriarte\/produto\/resina-para-pedra\/","title":{"rendered":"Resina para pedra"},"content":{"rendered":"","protected":false},"excerpt":{"rendered":"<p>A resina para pedras \u00e9 um produto incolor de \u00f3tima performance e brilho que oferece prote\u00e7\u00e3o contra as a\u00e7\u00f5es do tempo, pois possui alto poder de impermeabiliza\u00e7\u00e3o. <\/p>\n","protected":false},"featured_media":2076,"comment_status":"open","ping_status":"closed","template":"","meta":[],"product_cat":[19],"product_tag":[1479],"acf":{"indicado_para_aplicacao":"Pedras naturais<br>\r\nTijolos<br>\r\nTelhas de barro\r\n","dados_do_produto":"Dilui\u00e7\u00e3o com Diluente 10.10 10 % <br>\r\nSecagem ao Toque 30 min <br>\r\nSecagem Manuseio 2 - 4 horas<br>\r\nIntervalo entre Dem\u00e3o 2 - 4 horas <br>\r\nSecagem total 24 horas\r\n","rendimento_minimo_acabado":""},"_links":{"self":[{"href":"https:\/\/www.seunovo.site\/coriarte\/wp-json\/wp\/v2\/product\/2201"}],"collection":[{"href":"https:\/\/www.seunovo.site\/coriarte\/wp-json\/wp\/v2\/product"}],"about":[{"href":"https:\/\/www.seunovo.site\/coriarte\/wp-json\/wp\/v2\/types\/product"}],"replies":[{"embeddable":true,"href":"https:\/\/www.seunovo.site\/coriarte\/wp-json\/wp\/v2\/comments?post=2201"}],"wp:featuredmedia":[{"embeddable":true,"href":"https:\/\/www.seunovo.site\/coriarte\/wp-json\/wp\/v2\/media\/2076"}],"wp:attachment":[{"href":"https:\/\/www.seunovo.site\/coriarte\/wp-json\/wp\/v2\/media?parent=2201"}],"wp:term":[{"taxonomy":"product_cat","embeddable":true,"href":"https:\/\/www.seunovo.site\/coriarte\/wp-json\/wp\/v2\/product_cat?post=2201"},{"taxonomy":"product_tag","embeddable":true,"href":"https:\/\/www.seunovo.site\/coriarte\/wp-json\/wp\/v2\/product_tag?post=2201"}],"curies":[{"name":"wp","href":"https:\/\/api.w.org\/{rel}","templated":true}]}}