{"id":2203,"date":"2023-10-25T22:19:19","date_gmt":"2023-10-26T01:19:19","guid":{"rendered":"http:\/\/www.seunovo.site\/coriarte\/?post_type=product&#038;p=2203"},"modified":"2023-10-25T22:21:19","modified_gmt":"2023-10-26T01:21:19","slug":"selador-emborrachado","status":"publish","type":"product","link":"https:\/\/www.seunovo.site\/coriarte\/produto\/selador-emborrachado\/","title":{"rendered":"Selador Emborrachado"},"content":{"rendered":"","protected":false},"excerpt":{"rendered":"<p>O Selador emborrachado Coriarte foi desenvolvido para aplica\u00e7\u00e3o como pintura de fundo em paredes ciment\u00edcias sujeitas a maior contra\u00e7\u00e3o e dilata\u00e7\u00e3o natural e\/ou com alta probabilidade de incid\u00eancia de chuvas. Sua boa cobertura aumenta o rendimento da tinta de acabamento.<\/p>\n","protected":false},"featured_media":1316,"comment_status":"open","ping_status":"closed","template":"","meta":[],"product_cat":[19],"product_tag":[1479],"acf":{"indicado_para_aplicacao":"Pincel<br>\r\nRolo de pelo m\u00e9dio\/alto<br>\r\nTrincha<br>\r\nAirless\r\n","dados_do_produto":"Dilui\u00e7\u00e3o com \u00e1gua para rolo 10 \u2013 20 %<br>\r\nDilui\u00e7\u00e3o com \u00e1gua para airless 20 a 40%<br>\r\nN\u00famero de dem\u00e3os 1<br>\r\nSecagem ao Toque 30 minutos<br>\r\nSecagem Manuseio 4 horas<br>\r\nSecagem total 12 horas\r\n","rendimento_minimo_acabado":"Quartinho 0,9L 5,25m2<br>\r\nGal\u00e3o 3,6L 21m2<br>\r\nLata 18L 105m2\r\n"},"_links":{"self":[{"href":"https:\/\/www.seunovo.site\/coriarte\/wp-json\/wp\/v2\/product\/2203"}],"collection":[{"href":"https:\/\/www.seunovo.site\/coriarte\/wp-json\/wp\/v2\/product"}],"about":[{"href":"https:\/\/www.seunovo.site\/coriarte\/wp-json\/wp\/v2\/types\/product"}],"replies":[{"embeddable":true,"href":"https:\/\/www.seunovo.site\/coriarte\/wp-json\/wp\/v2\/comments?post=2203"}],"wp:featuredmedia":[{"embeddable":true,"href":"https:\/\/www.seunovo.site\/coriarte\/wp-json\/wp\/v2\/media\/1316"}],"wp:attachment":[{"href":"https:\/\/www.seunovo.site\/coriarte\/wp-json\/wp\/v2\/media?parent=2203"}],"wp:term":[{"taxonomy":"product_cat","embeddable":true,"href":"https:\/\/www.seunovo.site\/coriarte\/wp-json\/wp\/v2\/product_cat?post=2203"},{"taxonomy":"product_tag","embeddable":true,"href":"https:\/\/www.seunovo.site\/coriarte\/wp-json\/wp\/v2\/product_tag?post=2203"}],"curies":[{"name":"wp","href":"https:\/\/api.w.org\/{rel}","templated":true}]}}