{"id":2204,"date":"2023-10-25T22:22:07","date_gmt":"2023-10-26T01:22:07","guid":{"rendered":"http:\/\/www.seunovo.site\/coriarte\/?post_type=product&#038;p=2204"},"modified":"2023-10-25T22:23:12","modified_gmt":"2023-10-26T01:23:12","slug":"acrilica-fosca-para-interiores","status":"publish","type":"product","link":"https:\/\/www.seunovo.site\/coriarte\/produto\/acrilica-fosca-para-interiores\/","title":{"rendered":"Acr\u00edlica Fosca para Interiores"},"content":{"rendered":"","protected":false},"excerpt":{"rendered":"<p>A tinta acr\u00edlica fosca Interiores foi desenvolvida para proporcionar o maior custo benef\u00edcio na pintura de ambientes internos. Possui excelente cobertura seca e seu acabamento \u00e9 fosco disfar\u00e7a as imperfei\u00e7\u00f5es do substrato.<\/p>\n","protected":false},"featured_media":1320,"comment_status":"open","ping_status":"closed","template":"","meta":[],"product_cat":[19],"product_tag":[1479],"acf":{"indicado_para_aplicacao":"Pincel  <br>\r\nRolo de pelo curto  <br>\r\nTrincha  <br>\r\nAirless \r\n","dados_do_produto":"Dilui\u00e7\u00e3o com \u00e1gua para rolo 10 \u2013 15 %  <br>\r\nDilui\u00e7\u00e3o com \u00e1gua para airless 20 a 40%  <br>\r\nN\u00famero de dem\u00e3os Tipicamente 2 Secagem ao Toque 30 minutos  <br>\r\nSecagem Manuseio 2 horas Intervalo entre Dem\u00e3o 4 horas  <br>\r\nSecagem total 6 horas \r\n","rendimento_minimo_acabado":"Quartinho 0,9L 3,6m\u00b2  <br>\r\nGal\u00e3o 3,6L 14,4m\u00b2  <br>\r\nLata 18L 72m\u00b2 \r\n"},"_links":{"self":[{"href":"https:\/\/www.seunovo.site\/coriarte\/wp-json\/wp\/v2\/product\/2204"}],"collection":[{"href":"https:\/\/www.seunovo.site\/coriarte\/wp-json\/wp\/v2\/product"}],"about":[{"href":"https:\/\/www.seunovo.site\/coriarte\/wp-json\/wp\/v2\/types\/product"}],"replies":[{"embeddable":true,"href":"https:\/\/www.seunovo.site\/coriarte\/wp-json\/wp\/v2\/comments?post=2204"}],"wp:featuredmedia":[{"embeddable":true,"href":"https:\/\/www.seunovo.site\/coriarte\/wp-json\/wp\/v2\/media\/1320"}],"wp:attachment":[{"href":"https:\/\/www.seunovo.site\/coriarte\/wp-json\/wp\/v2\/media?parent=2204"}],"wp:term":[{"taxonomy":"product_cat","embeddable":true,"href":"https:\/\/www.seunovo.site\/coriarte\/wp-json\/wp\/v2\/product_cat?post=2204"},{"taxonomy":"product_tag","embeddable":true,"href":"https:\/\/www.seunovo.site\/coriarte\/wp-json\/wp\/v2\/product_tag?post=2204"}],"curies":[{"name":"wp","href":"https:\/\/api.w.org\/{rel}","templated":true}]}}