{"id":2206,"date":"2023-10-25T22:23:58","date_gmt":"2023-10-26T01:23:58","guid":{"rendered":"http:\/\/www.seunovo.site\/coriarte\/?post_type=product&#038;p=2206"},"modified":"2023-10-25T22:25:56","modified_gmt":"2023-10-26T01:25:56","slug":"pva-macieira","status":"publish","type":"product","link":"https:\/\/www.seunovo.site\/coriarte\/produto\/pva-macieira\/","title":{"rendered":"PVA Macieira"},"content":{"rendered":"","protected":false},"excerpt":{"rendered":"<p>A tinta PVA macieira \u00e9 um produto que substitui a cl\u00e1ssica \u201ccaia\u00e7\u00e3o\u201d das \u00e1rvores frut\u00edferas. Ela serve para proteger as plantas de fungos e outros microorganismos e tamb\u00e9m dos danos causados por situa\u00e7\u00f5es clim\u00e1ticas intensas como sol e frio. <\/p>\n","protected":false},"featured_media":1320,"comment_status":"open","ping_status":"closed","template":"","meta":[],"product_cat":[19],"product_tag":[1479],"acf":{"indicado_para_aplicacao":"Pincel  <br>\r\nRolo de pelo curto  <br>\r\nTrincha ","dados_do_produto":"Dilui\u00e7\u00e3o com \u00e1gua para rolo 10 \u2013 15 %<br>\r\nN\u00famero de dem\u00e3os Tipicamente 1 <br>\r\nSecagem ao Toque 30 minutos <br>\r\nSecagem Manuseio 2 horas Intervalo entre Dem\u00e3o 4 horas <br>\r\nSecagem total 6 horas\r\n","rendimento_minimo_acabado":"Quartinho 0,9L 3,0m\u00b2  <br>\r\nGal\u00e3o 3,6L 12m\u00b2  <br>\r\nLata 18L 60m\u00b2 \r\n"},"_links":{"self":[{"href":"https:\/\/www.seunovo.site\/coriarte\/wp-json\/wp\/v2\/product\/2206"}],"collection":[{"href":"https:\/\/www.seunovo.site\/coriarte\/wp-json\/wp\/v2\/product"}],"about":[{"href":"https:\/\/www.seunovo.site\/coriarte\/wp-json\/wp\/v2\/types\/product"}],"replies":[{"embeddable":true,"href":"https:\/\/www.seunovo.site\/coriarte\/wp-json\/wp\/v2\/comments?post=2206"}],"wp:featuredmedia":[{"embeddable":true,"href":"https:\/\/www.seunovo.site\/coriarte\/wp-json\/wp\/v2\/media\/1320"}],"wp:attachment":[{"href":"https:\/\/www.seunovo.site\/coriarte\/wp-json\/wp\/v2\/media?parent=2206"}],"wp:term":[{"taxonomy":"product_cat","embeddable":true,"href":"https:\/\/www.seunovo.site\/coriarte\/wp-json\/wp\/v2\/product_cat?post=2206"},{"taxonomy":"product_tag","embeddable":true,"href":"https:\/\/www.seunovo.site\/coriarte\/wp-json\/wp\/v2\/product_tag?post=2206"}],"curies":[{"name":"wp","href":"https:\/\/api.w.org\/{rel}","templated":true}]}}