{"id":2207,"date":"2023-10-25T22:26:30","date_gmt":"2023-10-26T01:26:30","guid":{"rendered":"http:\/\/www.seunovo.site\/coriarte\/?post_type=product&#038;p=2207"},"modified":"2023-10-25T22:27:58","modified_gmt":"2023-10-26T01:27:58","slug":"massa-para-madeira","status":"publish","type":"product","link":"https:\/\/www.seunovo.site\/coriarte\/produto\/massa-para-madeira\/","title":{"rendered":"Massa para Madeira"},"content":{"rendered":"","protected":false},"excerpt":{"rendered":"<p>A Massa para madeira Coriarte \u00e9 uma massa indicada para nivelar e corrigir pequenas imperfei\u00e7\u00f5es nas madeiras em geral, prolongando a vida \u00fatil do material.<\/p>\n","protected":false},"featured_media":1320,"comment_status":"open","ping_status":"closed","template":"","meta":[],"product_cat":[19],"product_tag":[1479],"acf":{"indicado_para_aplicacao":"Desempenadeira<br>\r\nEsp\u00e1tula de a\u00e7o e pl\u00e1stica\r\n\r\n","dados_do_produto":"Dilui\u00e7\u00e3o com \u00e1gua At\u00e9 5 %<br>\r\nN\u00famero de dem\u00e3os at\u00e9 corrigir a imperfei\u00e7\u00e3o<br>\r\nSecagem ao Toque 30 minutos<br>\r\nSecagem Manuseio 2 horas<br>\r\nIntervalo entre Dem\u00e3o 4 horas<br>\r\nSecagem total 6 horas\r\n","rendimento_minimo_acabado":"Quartinho 0,9L At\u00e9 1,0m2<br>\r\nGal\u00e3o 3,6L At\u00e9 4m2<br>\r\nBalde 25kg At\u00e9 20m2<br>\r\nVari\u00e1vel conforme substrato e dilui\u00e7\u00e3o\r\n"},"_links":{"self":[{"href":"https:\/\/www.seunovo.site\/coriarte\/wp-json\/wp\/v2\/product\/2207"}],"collection":[{"href":"https:\/\/www.seunovo.site\/coriarte\/wp-json\/wp\/v2\/product"}],"about":[{"href":"https:\/\/www.seunovo.site\/coriarte\/wp-json\/wp\/v2\/types\/product"}],"replies":[{"embeddable":true,"href":"https:\/\/www.seunovo.site\/coriarte\/wp-json\/wp\/v2\/comments?post=2207"}],"wp:featuredmedia":[{"embeddable":true,"href":"https:\/\/www.seunovo.site\/coriarte\/wp-json\/wp\/v2\/media\/1320"}],"wp:attachment":[{"href":"https:\/\/www.seunovo.site\/coriarte\/wp-json\/wp\/v2\/media?parent=2207"}],"wp:term":[{"taxonomy":"product_cat","embeddable":true,"href":"https:\/\/www.seunovo.site\/coriarte\/wp-json\/wp\/v2\/product_cat?post=2207"},{"taxonomy":"product_tag","embeddable":true,"href":"https:\/\/www.seunovo.site\/coriarte\/wp-json\/wp\/v2\/product_tag?post=2207"}],"curies":[{"name":"wp","href":"https:\/\/api.w.org\/{rel}","templated":true}]}}