{"id":2208,"date":"2023-10-25T22:28:39","date_gmt":"2023-10-26T01:28:39","guid":{"rendered":"http:\/\/www.seunovo.site\/coriarte\/?post_type=product&#038;p=2208"},"modified":"2023-10-25T22:29:59","modified_gmt":"2023-10-26T01:29:59","slug":"piso-fosco-plus","status":"publish","type":"product","link":"https:\/\/www.seunovo.site\/coriarte\/produto\/piso-fosco-plus\/","title":{"rendered":"Piso Fosco Plus"},"content":{"rendered":"","protected":false},"excerpt":{"rendered":"<p>A tinta piso fosco plus \u00e9 um produto desenvolvido para aplica\u00e7\u00e3o em pisos ciment\u00edcios em geral em situa\u00e7\u00f5es que exigem \u00f3tima resist\u00eancia \u00e0 abras\u00e3o.<\/p>\n<p>Pode ser aplicada em \u00e1reas sujeitas a tr\u00e1fego de pessoas e ve\u00edculos leves. Al\u00e9m de \u00f3tima cobertura e bom rendimento, protege a superf\u00edcie do intemperismo natural, prolongando sua vida \u00fatil.<\/p>\n","protected":false},"featured_media":1316,"comment_status":"open","ping_status":"closed","template":"","meta":[],"product_cat":[19],"product_tag":[1479],"acf":{"indicado_para_aplicacao":"Pincel<br>\r\nRolo de pelo m\u00e9dio\/alto<br>\r\nTrincha<br>\r\nAirless\r\n","dados_do_produto":"Dilui\u00e7\u00e3o com \u00e1gua para rolo 10 \u2013 20 %<br>\r\nDilui\u00e7\u00e3o com \u00e1gua para airless 20 a 40%<br>\r\nN\u00famero de dem\u00e3os 2 a 3<br>\r\nSecagem ao Toque 30 minutos<br>\r\nIntervalo entre Dem\u00e3o 4 horas<br>\r\nSecagem total 72 horas\r\n","rendimento_minimo_acabado":"Quartinho 0,9L At\u00e9 8m2<br>\r\nGal\u00e3o 3,6L At\u00e9 32m2<br>\r\nLata 18L At\u00e9 160m2<br><br>\r\n*V\u00e1lido para as cores cinza m\u00e9dio, cinza platina 7, cinza munsell 6.5, grafite escuro, grafite e cinza claro"},"_links":{"self":[{"href":"https:\/\/www.seunovo.site\/coriarte\/wp-json\/wp\/v2\/product\/2208"}],"collection":[{"href":"https:\/\/www.seunovo.site\/coriarte\/wp-json\/wp\/v2\/product"}],"about":[{"href":"https:\/\/www.seunovo.site\/coriarte\/wp-json\/wp\/v2\/types\/product"}],"replies":[{"embeddable":true,"href":"https:\/\/www.seunovo.site\/coriarte\/wp-json\/wp\/v2\/comments?post=2208"}],"wp:featuredmedia":[{"embeddable":true,"href":"https:\/\/www.seunovo.site\/coriarte\/wp-json\/wp\/v2\/media\/1316"}],"wp:attachment":[{"href":"https:\/\/www.seunovo.site\/coriarte\/wp-json\/wp\/v2\/media?parent=2208"}],"wp:term":[{"taxonomy":"product_cat","embeddable":true,"href":"https:\/\/www.seunovo.site\/coriarte\/wp-json\/wp\/v2\/product_cat?post=2208"},{"taxonomy":"product_tag","embeddable":true,"href":"https:\/\/www.seunovo.site\/coriarte\/wp-json\/wp\/v2\/product_tag?post=2208"}],"curies":[{"name":"wp","href":"https:\/\/api.w.org\/{rel}","templated":true}]}}