{"id":2211,"date":"2023-10-25T22:33:20","date_gmt":"2023-10-26T01:33:20","guid":{"rendered":"http:\/\/www.seunovo.site\/coriarte\/?post_type=product&#038;p=2211"},"modified":"2023-10-25T22:35:39","modified_gmt":"2023-10-26T01:35:39","slug":"esmalte-epoxi-incolor-multisuperficie-alto-brilho","status":"publish","type":"product","link":"https:\/\/www.seunovo.site\/coriarte\/produto\/esmalte-epoxi-incolor-multisuperficie-alto-brilho\/","title":{"rendered":"Esmalte Epoxi Incolor Multisuperficie Alto Brilho"},"content":{"rendered":"","protected":false},"excerpt":{"rendered":"<p>A Tinta Esmalte Ep\u00f3xi Monocomponente base \u00e1gua Coriarte foi desenvolvida para garantir boa ader\u00eancia em diversos tipos de substratos, tanto em ambientes internos como externos, proporcionando alta resist\u00eancia e prote\u00e7\u00e3o. Possui tamb\u00e9m fungicida de a\u00e7\u00e3o especial, evitando a prolifera\u00e7\u00e3o de fungos e algas por mais tempo. <\/p>\n","protected":false},"featured_media":1324,"comment_status":"open","ping_status":"closed","template":"","meta":[],"product_cat":[19],"product_tag":[1479],"acf":{"indicado_para_aplicacao":"Pincel de cerdas macias <br>\r\nRolo de pelo curto <br>\r\nPistola \r\n","dados_do_produto":"Diluente: \u00c1gua <br>\r\nDilui\u00e7\u00e3o para rolo: 10 a 15% <br>\r\nDilui\u00e7\u00e3o para pistola: 25 a 30% <br>\r\nN\u00famero de dem\u00e3os: 2 a 3 <br>\r\nSecagem ao Toque Rolo: 30 a 45 minutos<br> \r\nSecagem ao toque pistola: 1 a 1,5 horas <br>\r\nIntervalo entre Dem\u00e3os: M\u00ednimo 4 horas <br>\r\nSecagem total: 7 dias \r\n","rendimento_minimo_acabado":""},"_links":{"self":[{"href":"https:\/\/www.seunovo.site\/coriarte\/wp-json\/wp\/v2\/product\/2211"}],"collection":[{"href":"https:\/\/www.seunovo.site\/coriarte\/wp-json\/wp\/v2\/product"}],"about":[{"href":"https:\/\/www.seunovo.site\/coriarte\/wp-json\/wp\/v2\/types\/product"}],"replies":[{"embeddable":true,"href":"https:\/\/www.seunovo.site\/coriarte\/wp-json\/wp\/v2\/comments?post=2211"}],"wp:featuredmedia":[{"embeddable":true,"href":"https:\/\/www.seunovo.site\/coriarte\/wp-json\/wp\/v2\/media\/1324"}],"wp:attachment":[{"href":"https:\/\/www.seunovo.site\/coriarte\/wp-json\/wp\/v2\/media?parent=2211"}],"wp:term":[{"taxonomy":"product_cat","embeddable":true,"href":"https:\/\/www.seunovo.site\/coriarte\/wp-json\/wp\/v2\/product_cat?post=2211"},{"taxonomy":"product_tag","embeddable":true,"href":"https:\/\/www.seunovo.site\/coriarte\/wp-json\/wp\/v2\/product_tag?post=2211"}],"curies":[{"name":"wp","href":"https:\/\/api.w.org\/{rel}","templated":true}]}}