{"id":2213,"date":"2023-10-25T22:40:43","date_gmt":"2023-10-26T01:40:43","guid":{"rendered":"http:\/\/www.seunovo.site\/coriarte\/?post_type=product&#038;p=2213"},"modified":"2023-10-25T22:41:47","modified_gmt":"2023-10-26T01:41:47","slug":"selador-acrilico-standard-2","status":"publish","type":"product","link":"https:\/\/www.seunovo.site\/coriarte\/produto\/selador-acrilico-standard-2\/","title":{"rendered":"Selador Acr\u00edlico Standard"},"content":{"rendered":"","protected":false},"excerpt":{"rendered":"<p>Um selador acr\u00edlico pigmentado indicado para selar absor\u00e7\u00e3o e nivelar a cor em superf\u00edcie de alvenaria, concreto, cimento, em pinturas Imobili\u00e1rias internas e externas em geral.<\/p>\n","protected":false},"featured_media":1312,"comment_status":"open","ping_status":"closed","template":"","meta":[],"product_cat":[19],"product_tag":[1480],"acf":{"indicado_para_aplicacao":"","dados_do_produto":"Diluente: \u00c1gua <br>\r\nDilui\u00e7\u00e3o: 20 \u2013 30% em volume\r\n","rendimento_minimo_acabado":""},"_links":{"self":[{"href":"https:\/\/www.seunovo.site\/coriarte\/wp-json\/wp\/v2\/product\/2213"}],"collection":[{"href":"https:\/\/www.seunovo.site\/coriarte\/wp-json\/wp\/v2\/product"}],"about":[{"href":"https:\/\/www.seunovo.site\/coriarte\/wp-json\/wp\/v2\/types\/product"}],"replies":[{"embeddable":true,"href":"https:\/\/www.seunovo.site\/coriarte\/wp-json\/wp\/v2\/comments?post=2213"}],"wp:featuredmedia":[{"embeddable":true,"href":"https:\/\/www.seunovo.site\/coriarte\/wp-json\/wp\/v2\/media\/1312"}],"wp:attachment":[{"href":"https:\/\/www.seunovo.site\/coriarte\/wp-json\/wp\/v2\/media?parent=2213"}],"wp:term":[{"taxonomy":"product_cat","embeddable":true,"href":"https:\/\/www.seunovo.site\/coriarte\/wp-json\/wp\/v2\/product_cat?post=2213"},{"taxonomy":"product_tag","embeddable":true,"href":"https:\/\/www.seunovo.site\/coriarte\/wp-json\/wp\/v2\/product_tag?post=2213"}],"curies":[{"name":"wp","href":"https:\/\/api.w.org\/{rel}","templated":true}]}}