{"id":2223,"date":"2023-10-25T23:18:02","date_gmt":"2023-10-26T02:18:02","guid":{"rendered":"http:\/\/www.seunovo.site\/coriarte\/?post_type=product&#038;p=2223"},"modified":"2023-10-25T23:19:20","modified_gmt":"2023-10-26T02:19:20","slug":"esmalte-alta-temperatura-600o","status":"publish","type":"product","link":"https:\/\/www.seunovo.site\/coriarte\/produto\/esmalte-alta-temperatura-600o\/","title":{"rendered":"Esmalte Alta Temperatura 600\u00ba"},"content":{"rendered":"","protected":false},"excerpt":{"rendered":"<p>O Esmalte Alta Temperatura 600\u00b0C Kraft \u00e9 uma tinta monocomponente indicado para pintura de pe\u00e7as e equipamentos sujeitos a exposi\u00e7\u00e3o a altas temperaturas. N\u00e3o \u00e9 indicado para pinturas que ter\u00e3o contato direto com o fogo.<\/p>\n","protected":false},"featured_media":1338,"comment_status":"open","ping_status":"closed","template":"","meta":[],"product_cat":[18],"product_tag":[53],"acf":{"indicado_para_aplicacao":"Chamin\u00e9s<br>\r\nCoifas<br>\r\nFornalhas<br>\r\nCaldeiras<br>\r\nTrocadores de calor<br>\r\nTubula\u00e7\u00f5es<br>\r\nEscapamentos automotivos\r\n","dados_do_produto":"Dilui\u00e7\u00e3o 5 - 10%<br>\r\nRedutor 10.80<br>\r\nEspessura 20 a 30 \u03bcm<br>\r\nRendimento (por dem\u00e3o) 12 m2\/L<br>\r\nSecagem ao Toque 20 \u2013 30 minutos<br>\r\nSecagem Manuseio 1 hora<br>\r\nSecagem Final (180 \u00b0C) 1 hora\r\n<br><br>\r\n*Observa\u00e7\u00e3o: A cura total da tinta somente se dar\u00e1, ap\u00f3s o aquecimento da pe\u00e7a durante 1 hora a 1800C, caso isso n\u00e3o seja efetuado, ocorrer\u00e3o problemas de ader\u00eancia.\r\n","rendimento_minimo_acabado":"*Observa\u00e7\u00e3o: A cura total da tinta somente se dar\u00e1, ap\u00f3s o aquecimento da pe\u00e7a durante 1 hora a 1800C, caso isso n\u00e3o seja efetuado, ocorrer\u00e3o problemas de ader\u00eancia."},"_links":{"self":[{"href":"https:\/\/www.seunovo.site\/coriarte\/wp-json\/wp\/v2\/product\/2223"}],"collection":[{"href":"https:\/\/www.seunovo.site\/coriarte\/wp-json\/wp\/v2\/product"}],"about":[{"href":"https:\/\/www.seunovo.site\/coriarte\/wp-json\/wp\/v2\/types\/product"}],"replies":[{"embeddable":true,"href":"https:\/\/www.seunovo.site\/coriarte\/wp-json\/wp\/v2\/comments?post=2223"}],"wp:featuredmedia":[{"embeddable":true,"href":"https:\/\/www.seunovo.site\/coriarte\/wp-json\/wp\/v2\/media\/1338"}],"wp:attachment":[{"href":"https:\/\/www.seunovo.site\/coriarte\/wp-json\/wp\/v2\/media?parent=2223"}],"wp:term":[{"taxonomy":"product_cat","embeddable":true,"href":"https:\/\/www.seunovo.site\/coriarte\/wp-json\/wp\/v2\/product_cat?post=2223"},{"taxonomy":"product_tag","embeddable":true,"href":"https:\/\/www.seunovo.site\/coriarte\/wp-json\/wp\/v2\/product_tag?post=2223"}],"curies":[{"name":"wp","href":"https:\/\/api.w.org\/{rel}","templated":true}]}}