{"id":2224,"date":"2023-10-25T23:19:45","date_gmt":"2023-10-26T02:19:45","guid":{"rendered":"http:\/\/www.seunovo.site\/coriarte\/?post_type=product&#038;p=2224"},"modified":"2023-10-25T23:24:36","modified_gmt":"2023-10-26T02:24:36","slug":"primer-pu-acrilico","status":"publish","type":"product","link":"https:\/\/www.seunovo.site\/coriarte\/produto\/primer-pu-acrilico\/","title":{"rendered":"Primer PU Acr\u00edlico"},"content":{"rendered":"","protected":false},"excerpt":{"rendered":"<p>Primer PU de alta resist\u00eancia qu\u00edmica e f\u00edsica (dureza). Indicado para prepara\u00e7\u00e3o de superf\u00edcies met\u00e1licas, especialmente, para receber acabamentos base poli\u00e9ster, esmalte poliuretano e lacas nitrocelulose.<\/p>\n","protected":false},"featured_media":1338,"comment_status":"open","ping_status":"closed","template":"","meta":[],"product_cat":[18],"product_tag":[53],"acf":{"indicado_para_aplicacao":"Repintura automotiva<br>\r\nFrotas<br>\r\nImplementos rodovi\u00e1rios<br>\r\nImplementos agr\u00edcolas<br>\r\nInd\u00fastria geral\r\n","dados_do_produto":"Rela\u00e7\u00e3o de mistura em volume 5x1<br>\r\nCatalisador 5280<br>\r\nDilui\u00e7\u00e3o 20 a 30 %<br>\r\nRedutor 10.80\/20.80<br>\r\nEspessura 40 a 60 \u03bcm<br>\r\nRendimento (por dem\u00e3o) 12 m2\/L<br>\r\nSecagem ao Toque 10 \u2013 15 minutos<br>\r\nSecagem ao Manuseio 2 \u2013 4 horas\r\n","rendimento_minimo_acabado":""},"_links":{"self":[{"href":"https:\/\/www.seunovo.site\/coriarte\/wp-json\/wp\/v2\/product\/2224"}],"collection":[{"href":"https:\/\/www.seunovo.site\/coriarte\/wp-json\/wp\/v2\/product"}],"about":[{"href":"https:\/\/www.seunovo.site\/coriarte\/wp-json\/wp\/v2\/types\/product"}],"replies":[{"embeddable":true,"href":"https:\/\/www.seunovo.site\/coriarte\/wp-json\/wp\/v2\/comments?post=2224"}],"wp:featuredmedia":[{"embeddable":true,"href":"https:\/\/www.seunovo.site\/coriarte\/wp-json\/wp\/v2\/media\/1338"}],"wp:attachment":[{"href":"https:\/\/www.seunovo.site\/coriarte\/wp-json\/wp\/v2\/media?parent=2224"}],"wp:term":[{"taxonomy":"product_cat","embeddable":true,"href":"https:\/\/www.seunovo.site\/coriarte\/wp-json\/wp\/v2\/product_cat?post=2224"},{"taxonomy":"product_tag","embeddable":true,"href":"https:\/\/www.seunovo.site\/coriarte\/wp-json\/wp\/v2\/product_tag?post=2224"}],"curies":[{"name":"wp","href":"https:\/\/api.w.org\/{rel}","templated":true}]}}