{"id":2225,"date":"2023-10-25T23:24:54","date_gmt":"2023-10-26T02:24:54","guid":{"rendered":"http:\/\/www.seunovo.site\/coriarte\/?post_type=product&#038;p=2225"},"modified":"2023-10-25T23:25:54","modified_gmt":"2023-10-26T02:25:54","slug":"verniz-pu-acrilico-5000-hs","status":"publish","type":"product","link":"https:\/\/www.seunovo.site\/coriarte\/produto\/verniz-pu-acrilico-5000-hs\/","title":{"rendered":"Verniz PU Acr\u00edlico 5000 HS"},"content":{"rendered":"","protected":false},"excerpt":{"rendered":"<p>Verniz PU a base de resina acr\u00edlica, indicado para pintura de frotas (caminh\u00f5es e \u00f4nibus),<br \/>\nimplementos rodovi\u00e1rios, implementos agr\u00edcolas, repintura automotiva e pe\u00e7as em geral.<\/p>\n","protected":false},"featured_media":1338,"comment_status":"open","ping_status":"closed","template":"","meta":[],"product_cat":[18],"product_tag":[53],"acf":{"indicado_para_aplicacao":"Frotas (caminh\u00f5es e \u00f4nibus)<br>\r\nImplementos rodovi\u00e1rios<br>\r\nImplementos agr\u00edcolas<br>\r\nPe\u00e7as em geral\r\n","dados_do_produto":"Rela\u00e7\u00e3o de mistura em volume 4x1<br>\r\nAcelerador de Secagem 5000<br>\r\nDilui\u00e7\u00e3o 10 a 20 %<br>\r\nRedutor 10.80\/20.80<br>\r\nEspessura 40 a 60 \u03bcm<br>\r\nRendimento (por dem\u00e3o) 6 m2\/L<br>\r\nSecagem ao Toque 5 \u2013 10 minutos<br>\r\nSecagem Manuseio 2 \u2013 3 horas<br>\r\nSecagem total 72 horas\r\n","rendimento_minimo_acabado":""},"_links":{"self":[{"href":"https:\/\/www.seunovo.site\/coriarte\/wp-json\/wp\/v2\/product\/2225"}],"collection":[{"href":"https:\/\/www.seunovo.site\/coriarte\/wp-json\/wp\/v2\/product"}],"about":[{"href":"https:\/\/www.seunovo.site\/coriarte\/wp-json\/wp\/v2\/types\/product"}],"replies":[{"embeddable":true,"href":"https:\/\/www.seunovo.site\/coriarte\/wp-json\/wp\/v2\/comments?post=2225"}],"wp:featuredmedia":[{"embeddable":true,"href":"https:\/\/www.seunovo.site\/coriarte\/wp-json\/wp\/v2\/media\/1338"}],"wp:attachment":[{"href":"https:\/\/www.seunovo.site\/coriarte\/wp-json\/wp\/v2\/media?parent=2225"}],"wp:term":[{"taxonomy":"product_cat","embeddable":true,"href":"https:\/\/www.seunovo.site\/coriarte\/wp-json\/wp\/v2\/product_cat?post=2225"},{"taxonomy":"product_tag","embeddable":true,"href":"https:\/\/www.seunovo.site\/coriarte\/wp-json\/wp\/v2\/product_tag?post=2225"}],"curies":[{"name":"wp","href":"https:\/\/api.w.org\/{rel}","templated":true}]}}