{"id":2226,"date":"2023-10-25T23:52:08","date_gmt":"2023-10-26T02:52:08","guid":{"rendered":"http:\/\/www.seunovo.site\/coriarte\/?post_type=product&#038;p=2226"},"modified":"2023-10-25T23:53:28","modified_gmt":"2023-10-26T02:53:28","slug":"verniz-pu-acrilico-3000","status":"publish","type":"product","link":"https:\/\/www.seunovo.site\/coriarte\/produto\/verniz-pu-acrilico-3000\/","title":{"rendered":"Verniz PU Acr\u00edlico 3000"},"content":{"rendered":"","protected":false},"excerpt":{"rendered":"<p>Verniz PU a base de resina acr\u00edlica indicado para pintura de frotas (caminh\u00f5es e \u00f4nibus), repintura automotiva, implementos rodovi\u00e1rios e agr\u00edcolas e pe\u00e7as em geral.<\/p>\n","protected":false},"featured_media":1338,"comment_status":"open","ping_status":"closed","template":"","meta":[],"product_cat":[18],"product_tag":[53],"acf":{"indicado_para_aplicacao":"Implementos rodovi\u00e1rios<br>\r\nImplementos agr\u00edcolas<br>\r\nFrotas<br>\r\nInd\u00fastria geral\r\n","dados_do_produto":"Rela\u00e7\u00e3o de mistura em volume 5 x 1<br>\r\nAcelerador de Secagem 4026<br>\r\nDilui\u00e7\u00e3o 0 a 20 %<br>\r\nRedutor 10.80<br>\r\nEspessura 20 - 30 \u03bcm<br>\r\nRendimento (por dem\u00e3o) 9 m2\/L<br>\r\nSecagem ao Toque 45 \u2013 60 minutos<br>\r\nSecagem ao Manuseio 2 \u2013 4 horas<br>\r\nSecagem Final 72 horas\r\n","rendimento_minimo_acabado":""},"_links":{"self":[{"href":"https:\/\/www.seunovo.site\/coriarte\/wp-json\/wp\/v2\/product\/2226"}],"collection":[{"href":"https:\/\/www.seunovo.site\/coriarte\/wp-json\/wp\/v2\/product"}],"about":[{"href":"https:\/\/www.seunovo.site\/coriarte\/wp-json\/wp\/v2\/types\/product"}],"replies":[{"embeddable":true,"href":"https:\/\/www.seunovo.site\/coriarte\/wp-json\/wp\/v2\/comments?post=2226"}],"wp:featuredmedia":[{"embeddable":true,"href":"https:\/\/www.seunovo.site\/coriarte\/wp-json\/wp\/v2\/media\/1338"}],"wp:attachment":[{"href":"https:\/\/www.seunovo.site\/coriarte\/wp-json\/wp\/v2\/media?parent=2226"}],"wp:term":[{"taxonomy":"product_cat","embeddable":true,"href":"https:\/\/www.seunovo.site\/coriarte\/wp-json\/wp\/v2\/product_cat?post=2226"},{"taxonomy":"product_tag","embeddable":true,"href":"https:\/\/www.seunovo.site\/coriarte\/wp-json\/wp\/v2\/product_tag?post=2226"}],"curies":[{"name":"wp","href":"https:\/\/api.w.org\/{rel}","templated":true}]}}