{"id":2228,"date":"2023-10-25T23:56:16","date_gmt":"2023-10-26T02:56:16","guid":{"rendered":"http:\/\/www.seunovo.site\/coriarte\/?post_type=product&#038;p=2228"},"modified":"2023-10-25T23:57:10","modified_gmt":"2023-10-26T02:57:10","slug":"primer-df-210","status":"publish","type":"product","link":"https:\/\/www.seunovo.site\/coriarte\/produto\/primer-df-210\/","title":{"rendered":"Primer DF 210"},"content":{"rendered":"","protected":false},"excerpt":{"rendered":"<p>O Primer DF 210 Cinza \u00e9 a base de resina acr\u00edlica, monocomponente indicado para estruturas met\u00e1licas, equipamentos industriais, m\u00e1quinas, telhados, corrim\u00f5es, superf\u00edcies ferrosas e n\u00e3o ferrosas.<\/p>\n","protected":false},"featured_media":1338,"comment_status":"open","ping_status":"closed","template":"","meta":[],"product_cat":[18],"product_tag":[53],"acf":{"indicado_para_aplicacao":"Estruturas met\u00e1licas<br>\r\nEquipamentos<br>\r\nM\u00e1quinas<br>\r\nTelhados<br>\r\nCorrim\u00f5es\r\n","dados_do_produto":"Dilui\u00e7\u00e3o 50 a 70 %<br>\r\nRedutor 10.73<br>\r\nEspessura 50 a 60 \u03bcm<br>\r\nRendimento 10 m2\/L<br>\r\nSecagem ao Toque 5 \u2013 10 minutos<br>\r\nSecagem Manuseio 20 \u2013 30 minutos<br>\r\nSecagem Final 24 horas\r\n","rendimento_minimo_acabado":""},"_links":{"self":[{"href":"https:\/\/www.seunovo.site\/coriarte\/wp-json\/wp\/v2\/product\/2228"}],"collection":[{"href":"https:\/\/www.seunovo.site\/coriarte\/wp-json\/wp\/v2\/product"}],"about":[{"href":"https:\/\/www.seunovo.site\/coriarte\/wp-json\/wp\/v2\/types\/product"}],"replies":[{"embeddable":true,"href":"https:\/\/www.seunovo.site\/coriarte\/wp-json\/wp\/v2\/comments?post=2228"}],"wp:featuredmedia":[{"embeddable":true,"href":"https:\/\/www.seunovo.site\/coriarte\/wp-json\/wp\/v2\/media\/1338"}],"wp:attachment":[{"href":"https:\/\/www.seunovo.site\/coriarte\/wp-json\/wp\/v2\/media?parent=2228"}],"wp:term":[{"taxonomy":"product_cat","embeddable":true,"href":"https:\/\/www.seunovo.site\/coriarte\/wp-json\/wp\/v2\/product_cat?post=2228"},{"taxonomy":"product_tag","embeddable":true,"href":"https:\/\/www.seunovo.site\/coriarte\/wp-json\/wp\/v2\/product_tag?post=2228"}],"curies":[{"name":"wp","href":"https:\/\/api.w.org\/{rel}","templated":true}]}}