{"id":2229,"date":"2023-10-25T23:57:32","date_gmt":"2023-10-26T02:57:32","guid":{"rendered":"http:\/\/www.seunovo.site\/coriarte\/?post_type=product&#038;p=2229"},"modified":"2023-10-25T23:58:29","modified_gmt":"2023-10-26T02:58:29","slug":"massa-epoxi","status":"publish","type":"product","link":"https:\/\/www.seunovo.site\/coriarte\/produto\/massa-epoxi\/","title":{"rendered":"Massa Ep\u00f3xi"},"content":{"rendered":"","protected":false},"excerpt":{"rendered":"<p>A massa ep\u00f3xi \u00e9 um produto bi componente que proporciona excelente enchimento para corre\u00e7\u00e3o de imperfei\u00e7\u00f5es (trincas, fissuras, juntas de dilata\u00e7\u00e3o), aplic\u00e1vel em altas espessuras em uma \u00fanica dem\u00e3o.<\/p>\n","protected":false},"featured_media":1338,"comment_status":"open","ping_status":"closed","template":"","meta":[],"product_cat":[18],"product_tag":[53],"acf":{"indicado_para_aplicacao":"Pisos Industriais<br>\r\nGaragens<br>\r\nVagas de Estacionamento\r\n","dados_do_produto":"Rela\u00e7\u00e3o de mistura em volume 4x1\r\nAgente de cura 4060<br>\r\nDilui\u00e7\u00e3o com 4500 0 a 5 %<br>\r\nRedutor 4500<br>\r\nEspessura 400 a 1000 \u03bcm<br>\r\nRendimento* 2 m2\/gal\u00e3o<br>\r\nSecagem ao Toque 4 \u2013 6 horas<br>\r\nSecagem Manuseio 12 horas<br>\r\nSecagem completa 72 horas\r\n","rendimento_minimo_acabado":""},"_links":{"self":[{"href":"https:\/\/www.seunovo.site\/coriarte\/wp-json\/wp\/v2\/product\/2229"}],"collection":[{"href":"https:\/\/www.seunovo.site\/coriarte\/wp-json\/wp\/v2\/product"}],"about":[{"href":"https:\/\/www.seunovo.site\/coriarte\/wp-json\/wp\/v2\/types\/product"}],"replies":[{"embeddable":true,"href":"https:\/\/www.seunovo.site\/coriarte\/wp-json\/wp\/v2\/comments?post=2229"}],"wp:featuredmedia":[{"embeddable":true,"href":"https:\/\/www.seunovo.site\/coriarte\/wp-json\/wp\/v2\/media\/1338"}],"wp:attachment":[{"href":"https:\/\/www.seunovo.site\/coriarte\/wp-json\/wp\/v2\/media?parent=2229"}],"wp:term":[{"taxonomy":"product_cat","embeddable":true,"href":"https:\/\/www.seunovo.site\/coriarte\/wp-json\/wp\/v2\/product_cat?post=2229"},{"taxonomy":"product_tag","embeddable":true,"href":"https:\/\/www.seunovo.site\/coriarte\/wp-json\/wp\/v2\/product_tag?post=2229"}],"curies":[{"name":"wp","href":"https:\/\/api.w.org\/{rel}","templated":true}]}}