{"id":2230,"date":"2023-10-26T00:01:51","date_gmt":"2023-10-26T03:01:51","guid":{"rendered":"http:\/\/www.seunovo.site\/coriarte\/?post_type=product&#038;p=2230"},"modified":"2023-10-26T00:27:01","modified_gmt":"2023-10-26T03:27:01","slug":"fundo-epoxi-para-piso","status":"publish","type":"product","link":"https:\/\/www.seunovo.site\/coriarte\/produto\/fundo-epoxi-para-piso\/","title":{"rendered":"Fundo Ep\u00f3xi para Piso"},"content":{"rendered":"","protected":false},"excerpt":{"rendered":"<p>O Fundo Ep\u00f3xi para Pisos \u00e9 um verniz ep\u00f3xi curado com poliamida que proporciona uma excelente base de ader\u00eancia, resist\u00eancia qu\u00edmica e f\u00edsica. Indicado para pinturas de pisos de concreto, tanques de concreto, paredes de alvenaria e colunas estruturais.<\/p>\n","protected":false},"featured_media":1338,"comment_status":"open","ping_status":"closed","template":"","meta":[],"product_cat":[18],"product_tag":[53],"acf":{"indicado_para_aplicacao":"Pisos Industriais<br>\r\nSuperf\u00edcies de Concreto<br>\r\nCimento amianto<br>\r\nAlvenaria\r\n","dados_do_produto":"Rela\u00e7\u00e3o de mistura em volume 3x1<br>\r\nAgente de cura 3050<br>\r\nDilui\u00e7\u00e3o com 4500 30 a 50 %<br>\r\nRedutor 4500<br>\r\nEspessura 20 a 30 \u03bcm<br>\r\nS\u00f3lidos por volume 55 \u00b1 5 %<br>\r\nRendimento Te\u00f3rico 18 m2\/L<br>\r\nSecagem ao Toque Max 1 h<br>\r\nSecagem Manuseio 6 a 8 h<br>\r\nSecagem completa 72 horas\r\n","rendimento_minimo_acabado":""},"_links":{"self":[{"href":"https:\/\/www.seunovo.site\/coriarte\/wp-json\/wp\/v2\/product\/2230"}],"collection":[{"href":"https:\/\/www.seunovo.site\/coriarte\/wp-json\/wp\/v2\/product"}],"about":[{"href":"https:\/\/www.seunovo.site\/coriarte\/wp-json\/wp\/v2\/types\/product"}],"replies":[{"embeddable":true,"href":"https:\/\/www.seunovo.site\/coriarte\/wp-json\/wp\/v2\/comments?post=2230"}],"wp:featuredmedia":[{"embeddable":true,"href":"https:\/\/www.seunovo.site\/coriarte\/wp-json\/wp\/v2\/media\/1338"}],"wp:attachment":[{"href":"https:\/\/www.seunovo.site\/coriarte\/wp-json\/wp\/v2\/media?parent=2230"}],"wp:term":[{"taxonomy":"product_cat","embeddable":true,"href":"https:\/\/www.seunovo.site\/coriarte\/wp-json\/wp\/v2\/product_cat?post=2230"},{"taxonomy":"product_tag","embeddable":true,"href":"https:\/\/www.seunovo.site\/coriarte\/wp-json\/wp\/v2\/product_tag?post=2230"}],"curies":[{"name":"wp","href":"https:\/\/api.w.org\/{rel}","templated":true}]}}