{"id":2231,"date":"2023-10-26T00:31:46","date_gmt":"2023-10-26T03:31:46","guid":{"rendered":"http:\/\/www.seunovo.site\/coriarte\/?post_type=product&#038;p=2231"},"modified":"2023-10-26T00:32:57","modified_gmt":"2023-10-26T03:32:57","slug":"esmalte-epoxi-dupla-funcao-para-metal","status":"publish","type":"product","link":"https:\/\/www.seunovo.site\/coriarte\/produto\/esmalte-epoxi-dupla-funcao-para-metal\/","title":{"rendered":"Esmalte Ep\u00f3xi Dupla Fun\u00e7\u00e3o para Metal"},"content":{"rendered":"","protected":false},"excerpt":{"rendered":"<p>Tinta ep\u00f3xi de m\u00e9dia espessura, apresenta excelente resist\u00eancia qu\u00edmica e anticorrosiva. Indicada para pintura de estruturas met\u00e1licas, m\u00e1quinas industriais, cont\u00eaineres e pe\u00e7as em geral.<\/p>\n","protected":false},"featured_media":1338,"comment_status":"open","ping_status":"closed","template":"","meta":[],"product_cat":[18],"product_tag":[53],"acf":{"indicado_para_aplicacao":"Estruturas met\u00e1licas<br>\r\nM\u00e1quinas industriais<br>\r\nContainers<br>\r\nPe\u00e7as em geral\r\n","dados_do_produto":"Rela\u00e7\u00e3o de mistura em volume 3x1<br>\r\nAgente de cura 30.50<br>\r\nDilui\u00e7\u00e3o 10 a 20%<br>\r\nRedutor 3001<br>\r\nEspessura 80 a 100 \u03bcm<br>\r\nRendimento 7 m2\/L<br>\r\nSecagem ao Toque 1 a 2 horas<br>\r\nSecagem Manuseio 6 a 8 horas<br>\r\nIntervalo entre Dem\u00e3o 6 a 24 horas<br>\r\nSecagem completa 7 dias\r\n","rendimento_minimo_acabado":""},"_links":{"self":[{"href":"https:\/\/www.seunovo.site\/coriarte\/wp-json\/wp\/v2\/product\/2231"}],"collection":[{"href":"https:\/\/www.seunovo.site\/coriarte\/wp-json\/wp\/v2\/product"}],"about":[{"href":"https:\/\/www.seunovo.site\/coriarte\/wp-json\/wp\/v2\/types\/product"}],"replies":[{"embeddable":true,"href":"https:\/\/www.seunovo.site\/coriarte\/wp-json\/wp\/v2\/comments?post=2231"}],"wp:featuredmedia":[{"embeddable":true,"href":"https:\/\/www.seunovo.site\/coriarte\/wp-json\/wp\/v2\/media\/1338"}],"wp:attachment":[{"href":"https:\/\/www.seunovo.site\/coriarte\/wp-json\/wp\/v2\/media?parent=2231"}],"wp:term":[{"taxonomy":"product_cat","embeddable":true,"href":"https:\/\/www.seunovo.site\/coriarte\/wp-json\/wp\/v2\/product_cat?post=2231"},{"taxonomy":"product_tag","embeddable":true,"href":"https:\/\/www.seunovo.site\/coriarte\/wp-json\/wp\/v2\/product_tag?post=2231"}],"curies":[{"name":"wp","href":"https:\/\/api.w.org\/{rel}","templated":true}]}}