{"id":2233,"date":"2023-10-26T00:39:05","date_gmt":"2023-10-26T03:39:05","guid":{"rendered":"http:\/\/www.seunovo.site\/coriarte\/?post_type=product&#038;p=2233"},"modified":"2023-10-26T00:40:50","modified_gmt":"2023-10-26T03:40:50","slug":"primer-epoxi-dupla-funcao","status":"publish","type":"product","link":"https:\/\/www.seunovo.site\/coriarte\/produto\/primer-epoxi-dupla-funcao\/","title":{"rendered":"Primer Ep\u00f3xi Dupla Fun\u00e7\u00e3o"},"content":{"rendered":"","protected":false},"excerpt":{"rendered":"<p>O Primer Ep\u00f3xi Dupla Fun\u00e7\u00e3o \u00e9 um primer de m\u00e9dia espessura que possui dupla fun\u00e7\u00e3o, \u00e9 indicado para a prepara\u00e7\u00e3o de superf\u00edcies ferrosas e n\u00e3o ferrosas.<\/p>\n","protected":false},"featured_media":1338,"comment_status":"open","ping_status":"closed","template":"","meta":[],"product_cat":[18],"product_tag":[53],"acf":{"indicado_para_aplicacao":"Chassis<br>\r\nEstruturas met\u00e1licas<br>\r\nChapas de aluzinco<br>\r\nGalvanizados\r\n","dados_do_produto":"Rela\u00e7\u00e3o de mistura em volume 5x1<br>\r\nAgente de cura 30.50<br>\r\nDilui\u00e7\u00e3o 10 a 20%<br>\r\nRedutor 3001<br>\r\nEspessura 40 a 50 \u03bcm<br>\r\nRendimento (por dem\u00e3o) 10 m2\/L<br>\r\nSecagem ao Toque 1 a 2 horas<br>\r\nSecagem Manuseio 6 a 8 horas<br>\r\nSecagem completa 7 dias\r\n","rendimento_minimo_acabado":""},"_links":{"self":[{"href":"https:\/\/www.seunovo.site\/coriarte\/wp-json\/wp\/v2\/product\/2233"}],"collection":[{"href":"https:\/\/www.seunovo.site\/coriarte\/wp-json\/wp\/v2\/product"}],"about":[{"href":"https:\/\/www.seunovo.site\/coriarte\/wp-json\/wp\/v2\/types\/product"}],"replies":[{"embeddable":true,"href":"https:\/\/www.seunovo.site\/coriarte\/wp-json\/wp\/v2\/comments?post=2233"}],"wp:featuredmedia":[{"embeddable":true,"href":"https:\/\/www.seunovo.site\/coriarte\/wp-json\/wp\/v2\/media\/1338"}],"wp:attachment":[{"href":"https:\/\/www.seunovo.site\/coriarte\/wp-json\/wp\/v2\/media?parent=2233"}],"wp:term":[{"taxonomy":"product_cat","embeddable":true,"href":"https:\/\/www.seunovo.site\/coriarte\/wp-json\/wp\/v2\/product_cat?post=2233"},{"taxonomy":"product_tag","embeddable":true,"href":"https:\/\/www.seunovo.site\/coriarte\/wp-json\/wp\/v2\/product_tag?post=2233"}],"curies":[{"name":"wp","href":"https:\/\/api.w.org\/{rel}","templated":true}]}}