{"id":2234,"date":"2023-10-26T00:42:24","date_gmt":"2023-10-26T03:42:24","guid":{"rendered":"http:\/\/www.seunovo.site\/coriarte\/?post_type=product&#038;p=2234"},"modified":"2023-10-26T00:43:36","modified_gmt":"2023-10-26T03:43:36","slug":"esmalte-industrial-alta-performance","status":"publish","type":"product","link":"https:\/\/www.seunovo.site\/coriarte\/produto\/esmalte-industrial-alta-performance\/","title":{"rendered":"Esmalte Industrial Alta Performance"},"content":{"rendered":"","protected":false},"excerpt":{"rendered":"<p>O Esmalte Sint\u00e9tico Alta Performance \u00e9 uma tinta alqu\u00eddica indicada para pinturas de pe\u00e7as de a\u00e7o sujeitas a ambientes de baixa agressividade.<\/p>\n","protected":false},"featured_media":1338,"comment_status":"open","ping_status":"closed","template":"","meta":[],"product_cat":[18],"product_tag":[53],"acf":{"indicado_para_aplicacao":"M\u00e1quinas<br>\r\nEquipamentos<br>\r\nEstruturas met\u00e1licas<br>\r\nM\u00f3veis de a\u00e7o<br>\r\nFrotas<br>\r\nPe\u00e7as em geral\r\n","dados_do_produto":"Dilui\u00e7\u00e3o 20 a 30 %<br>\r\nRedutor 10.30\/20.30<br>\r\nEspessura 20 a 30 \u03bcm<br>\r\nRendimento (por dem\u00e3o) 10 m2\/L<br>\r\nSecagem ao Toque 20 \u2013 30 minutos<br>\r\nSecagem ao Manuseio 2 \u2013 4 horas<br>\r\nSecagem Final 72 horas\r\n","rendimento_minimo_acabado":""},"_links":{"self":[{"href":"https:\/\/www.seunovo.site\/coriarte\/wp-json\/wp\/v2\/product\/2234"}],"collection":[{"href":"https:\/\/www.seunovo.site\/coriarte\/wp-json\/wp\/v2\/product"}],"about":[{"href":"https:\/\/www.seunovo.site\/coriarte\/wp-json\/wp\/v2\/types\/product"}],"replies":[{"embeddable":true,"href":"https:\/\/www.seunovo.site\/coriarte\/wp-json\/wp\/v2\/comments?post=2234"}],"wp:featuredmedia":[{"embeddable":true,"href":"https:\/\/www.seunovo.site\/coriarte\/wp-json\/wp\/v2\/media\/1338"}],"wp:attachment":[{"href":"https:\/\/www.seunovo.site\/coriarte\/wp-json\/wp\/v2\/media?parent=2234"}],"wp:term":[{"taxonomy":"product_cat","embeddable":true,"href":"https:\/\/www.seunovo.site\/coriarte\/wp-json\/wp\/v2\/product_cat?post=2234"},{"taxonomy":"product_tag","embeddable":true,"href":"https:\/\/www.seunovo.site\/coriarte\/wp-json\/wp\/v2\/product_tag?post=2234"}],"curies":[{"name":"wp","href":"https:\/\/api.w.org\/{rel}","templated":true}]}}