{"id":2235,"date":"2023-10-26T00:46:53","date_gmt":"2023-10-26T03:46:53","guid":{"rendered":"http:\/\/www.seunovo.site\/coriarte\/?post_type=product&#038;p=2235"},"modified":"2023-10-26T00:47:54","modified_gmt":"2023-10-26T03:47:54","slug":"esmalte-pu-dupla-funcao-11x1","status":"publish","type":"product","link":"https:\/\/www.seunovo.site\/coriarte\/produto\/esmalte-pu-dupla-funcao-11x1\/","title":{"rendered":"Esmalte PU Dupla Fun\u00e7\u00e3o 11&#215;1"},"content":{"rendered":"","protected":false},"excerpt":{"rendered":"<p>Esmalte PU dupla fun\u00e7\u00e3o a base de resina acr\u00edlica, especialmente desenvolvido para aplica\u00e7\u00f5es de alta espessura com excelente resist\u00eancia ao intemperismo, excelente resist\u00eancia qu\u00edmica e f\u00edsica.<\/p>\n","protected":false},"featured_media":1338,"comment_status":"open","ping_status":"closed","template":"","meta":[],"product_cat":[18],"product_tag":[53],"acf":{"indicado_para_aplicacao":"Estruturas met\u00e1licas<br>\r\nEquipamentos industriais<br>\r\nTubula\u00e7\u00f5es<br>\r\nTanques<br>\r\nPe\u00e7as em geral\r\n","dados_do_produto":"Rela\u00e7\u00e3o de mistura em volume 11x1<br>\r\nCatalisador 40.28<br>\r\nDilui\u00e7\u00e3o 5 a 15%<br>\r\nRedutor PU 3001<br>\r\nEspessura 100 a 150 \u03bcm<br>\r\nRendimento (por dem\u00e3o) 5 m2\/L<br>\r\nSecagem ao Toque 10 \u2013 20 minutos<br>\r\nSecagem Manuseio 2 \u2013 4 horas<br>\r\nSecagem completa 72 horas<br>\r\nTeor de N\u00e3o Vol\u00e1teis 70 \u2013 75%\r\n","rendimento_minimo_acabado":""},"_links":{"self":[{"href":"https:\/\/www.seunovo.site\/coriarte\/wp-json\/wp\/v2\/product\/2235"}],"collection":[{"href":"https:\/\/www.seunovo.site\/coriarte\/wp-json\/wp\/v2\/product"}],"about":[{"href":"https:\/\/www.seunovo.site\/coriarte\/wp-json\/wp\/v2\/types\/product"}],"replies":[{"embeddable":true,"href":"https:\/\/www.seunovo.site\/coriarte\/wp-json\/wp\/v2\/comments?post=2235"}],"wp:featuredmedia":[{"embeddable":true,"href":"https:\/\/www.seunovo.site\/coriarte\/wp-json\/wp\/v2\/media\/1338"}],"wp:attachment":[{"href":"https:\/\/www.seunovo.site\/coriarte\/wp-json\/wp\/v2\/media?parent=2235"}],"wp:term":[{"taxonomy":"product_cat","embeddable":true,"href":"https:\/\/www.seunovo.site\/coriarte\/wp-json\/wp\/v2\/product_cat?post=2235"},{"taxonomy":"product_tag","embeddable":true,"href":"https:\/\/www.seunovo.site\/coriarte\/wp-json\/wp\/v2\/product_tag?post=2235"}],"curies":[{"name":"wp","href":"https:\/\/api.w.org\/{rel}","templated":true}]}}