{"id":2236,"date":"2023-10-26T00:49:05","date_gmt":"2023-10-26T03:49:05","guid":{"rendered":"http:\/\/www.seunovo.site\/coriarte\/?post_type=product&#038;p=2236"},"modified":"2023-10-26T00:50:31","modified_gmt":"2023-10-26T03:50:31","slug":"epoxi-dfhs-alto-solidos-kraft","status":"publish","type":"product","link":"https:\/\/www.seunovo.site\/coriarte\/produto\/epoxi-dfhs-alto-solidos-kraft\/","title":{"rendered":"Ep\u00f3xi DFHS Alto S\u00f3lidos Kraft"},"content":{"rendered":"","protected":false},"excerpt":{"rendered":"<p>Primer ep\u00f3xi de m\u00e9dia a alta espessura indicado para estruturas met\u00e1licas, tubula\u00e7\u00f5es, tanques, m\u00e1quinas industriais, equipamentos pesados, metais ferrosos e n\u00e3o ferrosos.<\/p>\n","protected":false},"featured_media":1338,"comment_status":"open","ping_status":"closed","template":"","meta":[],"product_cat":[18],"product_tag":[53],"acf":{"indicado_para_aplicacao":"Tubula\u00e7\u00f5es<br>\r\nEstruturas met\u00e1licas<br>\r\nTanques<br>\r\nM\u00e1quinas industriais<br>\r\nEquipamentos pesados<br>\r\nMetais ferrosos e n\u00e3o ferrosos\r\n","dados_do_produto":"Rela\u00e7\u00e3o de mistura em volume 4x1<br>\r\nAgente de cura 3050<br>\r\nDilui\u00e7\u00e3o 30 a 50 %<br>\r\nRedutor 3001<br>\r\nEspessura 100 a 150 \u03bcm<br>\r\nRendimento 5 m2\/L<br>\r\nSecagem ao Toque 1 \u2013 2 horas<br>\r\nSecagem<br>\r\nManuseio 6 \u2013 8 horas<br>\r\nIntervalo entre<br>\r\nDem\u00e3o 6 \u2013 8 horas<br>\r\nSecagem completa 72 horas\r\n","rendimento_minimo_acabado":""},"_links":{"self":[{"href":"https:\/\/www.seunovo.site\/coriarte\/wp-json\/wp\/v2\/product\/2236"}],"collection":[{"href":"https:\/\/www.seunovo.site\/coriarte\/wp-json\/wp\/v2\/product"}],"about":[{"href":"https:\/\/www.seunovo.site\/coriarte\/wp-json\/wp\/v2\/types\/product"}],"replies":[{"embeddable":true,"href":"https:\/\/www.seunovo.site\/coriarte\/wp-json\/wp\/v2\/comments?post=2236"}],"wp:featuredmedia":[{"embeddable":true,"href":"https:\/\/www.seunovo.site\/coriarte\/wp-json\/wp\/v2\/media\/1338"}],"wp:attachment":[{"href":"https:\/\/www.seunovo.site\/coriarte\/wp-json\/wp\/v2\/media?parent=2236"}],"wp:term":[{"taxonomy":"product_cat","embeddable":true,"href":"https:\/\/www.seunovo.site\/coriarte\/wp-json\/wp\/v2\/product_cat?post=2236"},{"taxonomy":"product_tag","embeddable":true,"href":"https:\/\/www.seunovo.site\/coriarte\/wp-json\/wp\/v2\/product_tag?post=2236"}],"curies":[{"name":"wp","href":"https:\/\/api.w.org\/{rel}","templated":true}]}}