{"id":2241,"date":"2023-10-26T01:03:19","date_gmt":"2023-10-26T04:03:19","guid":{"rendered":"http:\/\/www.seunovo.site\/coriarte\/?post_type=product&#038;p=2241"},"modified":"2023-10-26T01:06:09","modified_gmt":"2023-10-26T04:06:09","slug":"aguarras","status":"publish","type":"product","link":"https:\/\/www.seunovo.site\/coriarte\/produto\/aguarras\/","title":{"rendered":"AGUARR\u00c1S"},"content":{"rendered":"","protected":false},"excerpt":{"rendered":"<p>Usado para dilui\u00e7\u00e3o de produtos base solvente da linha imobili\u00e1ria: Esmalte Sint\u00e9tico, Tinta \u00d3leo, Fundo Nivelador para Madeira e Vernizes imobili\u00e1rias. Usado para limpezas leves.<\/p>\n","protected":false},"featured_media":0,"comment_status":"open","ping_status":"closed","template":"","meta":[],"product_cat":[18],"product_tag":[1481],"acf":{"indicado_para_aplicacao":"","dados_do_produto":"","rendimento_minimo_acabado":""},"_links":{"self":[{"href":"https:\/\/www.seunovo.site\/coriarte\/wp-json\/wp\/v2\/product\/2241"}],"collection":[{"href":"https:\/\/www.seunovo.site\/coriarte\/wp-json\/wp\/v2\/product"}],"about":[{"href":"https:\/\/www.seunovo.site\/coriarte\/wp-json\/wp\/v2\/types\/product"}],"replies":[{"embeddable":true,"href":"https:\/\/www.seunovo.site\/coriarte\/wp-json\/wp\/v2\/comments?post=2241"}],"wp:attachment":[{"href":"https:\/\/www.seunovo.site\/coriarte\/wp-json\/wp\/v2\/media?parent=2241"}],"wp:term":[{"taxonomy":"product_cat","embeddable":true,"href":"https:\/\/www.seunovo.site\/coriarte\/wp-json\/wp\/v2\/product_cat?post=2241"},{"taxonomy":"product_tag","embeddable":true,"href":"https:\/\/www.seunovo.site\/coriarte\/wp-json\/wp\/v2\/product_tag?post=2241"}],"curies":[{"name":"wp","href":"https:\/\/api.w.org\/{rel}","templated":true}]}}