{"id":2243,"date":"2023-10-26T01:06:53","date_gmt":"2023-10-26T04:06:53","guid":{"rendered":"http:\/\/www.seunovo.site\/coriarte\/?post_type=product&#038;p=2243"},"modified":"2023-10-26T01:07:32","modified_gmt":"2023-10-26T04:07:32","slug":"diluente-10-60","status":"publish","type":"product","link":"https:\/\/www.seunovo.site\/coriarte\/produto\/diluente-10-60\/","title":{"rendered":"DILUENTE 10.60"},"content":{"rendered":"","protected":false},"excerpt":{"rendered":"<p>Usado para dilui\u00e7\u00e3o de Kraftcryl e primers sint\u00e9ticos. <\/p>\n","protected":false},"featured_media":0,"comment_status":"open","ping_status":"closed","template":"","meta":[],"product_cat":[18],"product_tag":[1481],"acf":{"indicado_para_aplicacao":"","dados_do_produto":"","rendimento_minimo_acabado":""},"_links":{"self":[{"href":"https:\/\/www.seunovo.site\/coriarte\/wp-json\/wp\/v2\/product\/2243"}],"collection":[{"href":"https:\/\/www.seunovo.site\/coriarte\/wp-json\/wp\/v2\/product"}],"about":[{"href":"https:\/\/www.seunovo.site\/coriarte\/wp-json\/wp\/v2\/types\/product"}],"replies":[{"embeddable":true,"href":"https:\/\/www.seunovo.site\/coriarte\/wp-json\/wp\/v2\/comments?post=2243"}],"wp:attachment":[{"href":"https:\/\/www.seunovo.site\/coriarte\/wp-json\/wp\/v2\/media?parent=2243"}],"wp:term":[{"taxonomy":"product_cat","embeddable":true,"href":"https:\/\/www.seunovo.site\/coriarte\/wp-json\/wp\/v2\/product_cat?post=2243"},{"taxonomy":"product_tag","embeddable":true,"href":"https:\/\/www.seunovo.site\/coriarte\/wp-json\/wp\/v2\/product_tag?post=2243"}],"curies":[{"name":"wp","href":"https:\/\/api.w.org\/{rel}","templated":true}]}}