{"id":2246,"date":"2023-10-26T01:09:44","date_gmt":"2023-10-26T04:09:44","guid":{"rendered":"http:\/\/www.seunovo.site\/coriarte\/?post_type=product&#038;p=2246"},"modified":"2023-10-26T01:10:22","modified_gmt":"2023-10-26T04:10:22","slug":"diluente-3001","status":"publish","type":"product","link":"https:\/\/www.seunovo.site\/coriarte\/produto\/diluente-3001\/","title":{"rendered":"DILUENTE 3001"},"content":{"rendered":"","protected":false},"excerpt":{"rendered":"<p>Usado para dilui\u00e7\u00e3o da linha de Ep\u00f3xi: Esmaltes e Primers Ep\u00f3xi.<\/p>\n","protected":false},"featured_media":0,"comment_status":"open","ping_status":"closed","template":"","meta":[],"product_cat":[18],"product_tag":[1481],"acf":{"indicado_para_aplicacao":"","dados_do_produto":"","rendimento_minimo_acabado":""},"_links":{"self":[{"href":"https:\/\/www.seunovo.site\/coriarte\/wp-json\/wp\/v2\/product\/2246"}],"collection":[{"href":"https:\/\/www.seunovo.site\/coriarte\/wp-json\/wp\/v2\/product"}],"about":[{"href":"https:\/\/www.seunovo.site\/coriarte\/wp-json\/wp\/v2\/types\/product"}],"replies":[{"embeddable":true,"href":"https:\/\/www.seunovo.site\/coriarte\/wp-json\/wp\/v2\/comments?post=2246"}],"wp:attachment":[{"href":"https:\/\/www.seunovo.site\/coriarte\/wp-json\/wp\/v2\/media?parent=2246"}],"wp:term":[{"taxonomy":"product_cat","embeddable":true,"href":"https:\/\/www.seunovo.site\/coriarte\/wp-json\/wp\/v2\/product_cat?post=2246"},{"taxonomy":"product_tag","embeddable":true,"href":"https:\/\/www.seunovo.site\/coriarte\/wp-json\/wp\/v2\/product_tag?post=2246"}],"curies":[{"name":"wp","href":"https:\/\/api.w.org\/{rel}","templated":true}]}}