{"id":2262,"date":"2023-10-26T09:49:43","date_gmt":"2023-10-26T12:49:43","guid":{"rendered":"http:\/\/www.seunovo.site\/coriarte\/?post_type=product&#038;p=2262"},"modified":"2023-10-26T09:50:26","modified_gmt":"2023-10-26T12:50:26","slug":"kraftcryl-acabamento","status":"publish","type":"product","link":"https:\/\/www.seunovo.site\/coriarte\/produto\/kraftcryl-acabamento\/","title":{"rendered":"KraftCryl Acabamento"},"content":{"rendered":"","protected":false},"excerpt":{"rendered":"<p>Primer sint\u00e9tico com dupla fun\u00e7\u00e3o, \u00e9 indicado para superf\u00edcies met\u00e1licas sujeitas a ambientes de baixa agressividade.<\/p>\n","protected":false},"featured_media":2216,"comment_status":"open","ping_status":"closed","template":"","meta":[],"product_cat":[18],"product_tag":[1483],"acf":{"indicado_para_aplicacao":"","dados_do_produto":"Dilui\u00e7\u00e3o 30 a 50 %<Br>\r\nRedutor 10.60\/20.60<Br>\r\nEspessura 30 a 40 \u03bcm<Br>\r\nRendimento (por dem\u00e3o) 6 m2\/L<Br>\r\nSecagem ao Toque 20 \u2013 30 min<Br>\r\nSecagem Manuseio 4 \u2013 6 horas<Br>\r\nSecagem Final 72 horas\r\n","rendimento_minimo_acabado":""},"_links":{"self":[{"href":"https:\/\/www.seunovo.site\/coriarte\/wp-json\/wp\/v2\/product\/2262"}],"collection":[{"href":"https:\/\/www.seunovo.site\/coriarte\/wp-json\/wp\/v2\/product"}],"about":[{"href":"https:\/\/www.seunovo.site\/coriarte\/wp-json\/wp\/v2\/types\/product"}],"replies":[{"embeddable":true,"href":"https:\/\/www.seunovo.site\/coriarte\/wp-json\/wp\/v2\/comments?post=2262"}],"wp:featuredmedia":[{"embeddable":true,"href":"https:\/\/www.seunovo.site\/coriarte\/wp-json\/wp\/v2\/media\/2216"}],"wp:attachment":[{"href":"https:\/\/www.seunovo.site\/coriarte\/wp-json\/wp\/v2\/media?parent=2262"}],"wp:term":[{"taxonomy":"product_cat","embeddable":true,"href":"https:\/\/www.seunovo.site\/coriarte\/wp-json\/wp\/v2\/product_cat?post=2262"},{"taxonomy":"product_tag","embeddable":true,"href":"https:\/\/www.seunovo.site\/coriarte\/wp-json\/wp\/v2\/product_tag?post=2262"}],"curies":[{"name":"wp","href":"https:\/\/api.w.org\/{rel}","templated":true}]}}