{"id":2263,"date":"2023-10-26T09:52:01","date_gmt":"2023-10-26T12:52:01","guid":{"rendered":"http:\/\/www.seunovo.site\/coriarte\/?post_type=product&#038;p=2263"},"modified":"2023-10-26T09:53:05","modified_gmt":"2023-10-26T12:53:05","slug":"esmalte-martelado","status":"publish","type":"product","link":"https:\/\/www.seunovo.site\/coriarte\/produto\/esmalte-martelado\/","title":{"rendered":"Esmalte Martelado"},"content":{"rendered":"","protected":false},"excerpt":{"rendered":"<p>O Esmalte Martelado Kraft \u00e9 uma tinta alqu\u00eddica indicada para pinturas de pe\u00e7as de a\u00e7o sujeitas a ambientes de baixa agressividade como m\u00e1quinas, equipamentos, m\u00f3veis de a\u00e7o, estruturas met\u00e1licas e pe\u00e7as em geral.<\/p>\n","protected":false},"featured_media":2216,"comment_status":"open","ping_status":"closed","template":"","meta":[],"product_cat":[18],"product_tag":[1483],"acf":{"indicado_para_aplicacao":"","dados_do_produto":"Dilui\u00e7\u00e3o 20 a 30 %<Br>\r\nRedutor 10.30\/20.30<Br>\r\nEspessura 20 a 30 \u03bcm<Br>\r\nRendimento (por dem\u00e3o) 9 m2\/L<Br>\r\nSecagem ao Toque 20 \u2013 30 minutos<Br>\r\nSecagem ao Manuseio 4 \u2013 6 horas<Br>\r\nSecagem Final 72 horas\r\n","rendimento_minimo_acabado":""},"_links":{"self":[{"href":"https:\/\/www.seunovo.site\/coriarte\/wp-json\/wp\/v2\/product\/2263"}],"collection":[{"href":"https:\/\/www.seunovo.site\/coriarte\/wp-json\/wp\/v2\/product"}],"about":[{"href":"https:\/\/www.seunovo.site\/coriarte\/wp-json\/wp\/v2\/types\/product"}],"replies":[{"embeddable":true,"href":"https:\/\/www.seunovo.site\/coriarte\/wp-json\/wp\/v2\/comments?post=2263"}],"wp:featuredmedia":[{"embeddable":true,"href":"https:\/\/www.seunovo.site\/coriarte\/wp-json\/wp\/v2\/media\/2216"}],"wp:attachment":[{"href":"https:\/\/www.seunovo.site\/coriarte\/wp-json\/wp\/v2\/media?parent=2263"}],"wp:term":[{"taxonomy":"product_cat","embeddable":true,"href":"https:\/\/www.seunovo.site\/coriarte\/wp-json\/wp\/v2\/product_cat?post=2263"},{"taxonomy":"product_tag","embeddable":true,"href":"https:\/\/www.seunovo.site\/coriarte\/wp-json\/wp\/v2\/product_tag?post=2263"}],"curies":[{"name":"wp","href":"https:\/\/api.w.org\/{rel}","templated":true}]}}