{"id":2267,"date":"2023-10-26T10:32:28","date_gmt":"2023-10-26T13:32:28","guid":{"rendered":"http:\/\/www.seunovo.site\/coriarte\/?post_type=product&#038;p=2267"},"modified":"2023-10-26T10:33:15","modified_gmt":"2023-10-26T13:33:15","slug":"laca-nitrocelulose","status":"publish","type":"product","link":"https:\/\/www.seunovo.site\/coriarte\/produto\/laca-nitrocelulose\/","title":{"rendered":"Laca Nitrocelulose"},"content":{"rendered":"","protected":false},"excerpt":{"rendered":"<p>Tinta acabamento \u00e0 base de resina nitrocelulose. Indicada para pintura de implementos agr\u00edcolas, implementos rodovi\u00e1rios, frotas, m\u00f3veis de madeira, estruturas de madeira e onde a secagem r\u00e1pida e dureza final do filme seja pontos importantes.<\/p>\n","protected":false},"featured_media":2216,"comment_status":"open","ping_status":"closed","template":"","meta":[],"product_cat":[18],"product_tag":[1483],"acf":{"indicado_para_aplicacao":"","dados_do_produto":"Dilui\u00e7\u00e3o 80 a 100 %<Br>\r\nRedutor 10.70\/20.70<Br>\r\nEspessura 30 a 40 \u03bcm<Br>\r\nRendimento (por dem\u00e3o) 10 m2\/L<Br>\r\nSecagem ao Toque 20 \u2013 30 minutos<Br>\r\nSecagem Manuseio 45 \u2013 60 minutos<Br>\r\nSecagem Final 24 horas\r\n","rendimento_minimo_acabado":""},"_links":{"self":[{"href":"https:\/\/www.seunovo.site\/coriarte\/wp-json\/wp\/v2\/product\/2267"}],"collection":[{"href":"https:\/\/www.seunovo.site\/coriarte\/wp-json\/wp\/v2\/product"}],"about":[{"href":"https:\/\/www.seunovo.site\/coriarte\/wp-json\/wp\/v2\/types\/product"}],"replies":[{"embeddable":true,"href":"https:\/\/www.seunovo.site\/coriarte\/wp-json\/wp\/v2\/comments?post=2267"}],"wp:featuredmedia":[{"embeddable":true,"href":"https:\/\/www.seunovo.site\/coriarte\/wp-json\/wp\/v2\/media\/2216"}],"wp:attachment":[{"href":"https:\/\/www.seunovo.site\/coriarte\/wp-json\/wp\/v2\/media?parent=2267"}],"wp:term":[{"taxonomy":"product_cat","embeddable":true,"href":"https:\/\/www.seunovo.site\/coriarte\/wp-json\/wp\/v2\/product_cat?post=2267"},{"taxonomy":"product_tag","embeddable":true,"href":"https:\/\/www.seunovo.site\/coriarte\/wp-json\/wp\/v2\/product_tag?post=2267"}],"curies":[{"name":"wp","href":"https:\/\/api.w.org\/{rel}","templated":true}]}}