{"id":2268,"date":"2023-10-26T10:33:38","date_gmt":"2023-10-26T13:33:38","guid":{"rendered":"http:\/\/www.seunovo.site\/coriarte\/?post_type=product&#038;p=2268"},"modified":"2023-10-26T10:34:31","modified_gmt":"2023-10-26T13:34:31","slug":"demarcacao-viaria","status":"publish","type":"product","link":"https:\/\/www.seunovo.site\/coriarte\/produto\/demarcacao-viaria\/","title":{"rendered":"Demarca\u00e7\u00e3o Vi\u00e1ria"},"content":{"rendered":"","protected":false},"excerpt":{"rendered":"<p>\u00c9 uma tinta a base de resina acr\u00edlica indicada para pintura de sinaliza\u00e7\u00e3o vi\u00e1ria de rodovias em geral, sinaliza\u00e7\u00e3o de seguran\u00e7a em cidades, de p\u00e1tios, estacionamentos, faixas de seguran\u00e7a, dentre outras.<\/p>\n","protected":false},"featured_media":2216,"comment_status":"open","ping_status":"closed","template":"","meta":[],"product_cat":[18],"product_tag":[1483],"acf":{"indicado_para_aplicacao":"","dados_do_produto":"Dilui\u00e7\u00e3o com 10.10 5 a 10 %<br>\r\nRedutor 10.10<br>\r\nEspessura 400 a 600 \u03bcm<br>\r\nRendimento 1m2\/L<br>\r\nSecagem ao Toque 20 \u2013 30 minutos<br>\r\nSecagem Manuseio 4 \u2013 6 horas<br>\r\nSecagem completa 24 horas\r\n","rendimento_minimo_acabado":""},"_links":{"self":[{"href":"https:\/\/www.seunovo.site\/coriarte\/wp-json\/wp\/v2\/product\/2268"}],"collection":[{"href":"https:\/\/www.seunovo.site\/coriarte\/wp-json\/wp\/v2\/product"}],"about":[{"href":"https:\/\/www.seunovo.site\/coriarte\/wp-json\/wp\/v2\/types\/product"}],"replies":[{"embeddable":true,"href":"https:\/\/www.seunovo.site\/coriarte\/wp-json\/wp\/v2\/comments?post=2268"}],"wp:featuredmedia":[{"embeddable":true,"href":"https:\/\/www.seunovo.site\/coriarte\/wp-json\/wp\/v2\/media\/2216"}],"wp:attachment":[{"href":"https:\/\/www.seunovo.site\/coriarte\/wp-json\/wp\/v2\/media?parent=2268"}],"wp:term":[{"taxonomy":"product_cat","embeddable":true,"href":"https:\/\/www.seunovo.site\/coriarte\/wp-json\/wp\/v2\/product_cat?post=2268"},{"taxonomy":"product_tag","embeddable":true,"href":"https:\/\/www.seunovo.site\/coriarte\/wp-json\/wp\/v2\/product_tag?post=2268"}],"curies":[{"name":"wp","href":"https:\/\/api.w.org\/{rel}","templated":true}]}}